	{"id":982,"date":"2017-09-20T17:52:57","date_gmt":"2017-09-20T15:52:57","guid":{"rendered":"http:\/\/compack.it\/catalogo\/lux-line\/"},"modified":"2017-12-13T19:59:48","modified_gmt":"2017-12-13T18:59:48","slug":"lux-line","status":"publish","type":"page","link":"https:\/\/www.compack.it\/pt-pt\/catalogo\/lux-line\/","title":{"rendered":"LUX line"},"content":{"rendered":"<div class=\"wpb-content-wrapper\"><p>[vc_row][vc_column width=&#8221;1\/3&#8243;]<div class=\"dt-fancy-separator title-left h1-size\" style=\"width: 100%;\"><div class=\"dt-fancy-title\" style=\"color: #ffd451;\"><span class=\"separator-holder separator-left\"><\/span>Lux line<span class=\"separator-holder separator-right\"><\/span><\/div><\/div>[\/vc_column][vc_column width=&#8221;2\/3&#8243;][vc_column_text]Os modelos da linha <strong>LUX<\/strong> representam a m\u00e1xima express\u00e3o da tecnologia Made in Compack, capaz de oferecer uma\u00a0<strong>mudan\u00e7a de \u00e1gua limpa total ou parcial a cada ciclo de lavagem<\/strong>\u00a0para uma higiene e um brilho nunca vistos antes. O seu funcionamento \u00e9 muito pr\u00e1tico, basta remover o tubo de descarga para alterar a mudan\u00e7a parcial ou total, contemplando sempre a poupan\u00e7a. Dispon\u00edvel com v\u00e1rios acess\u00f3rios, da vers\u00e3o com amaciador autom\u00e1tico \u00e0 com Acquatech System que garante temperatura e press\u00e3o sempre constantes, a linha Lux \u00e9 a solu\u00e7\u00e3o\u00a0<strong>adequada para os clientes mais exigentes.<\/strong>[\/vc_column_text][\/vc_column][\/vc_row]<\/p>\n<\/div>","protected":false},"excerpt":{"rendered":"<p>[vc_row][vc_column width=&#8221;1\/3&#8243;][\/vc_column][vc_column width=&#8221;2\/3&#8243;][vc_column_text]Os modelos da linha LUX representam a m\u00e1xima express\u00e3o da tecnologia Made in Compack, capaz de oferecer uma\u00a0mudan\u00e7a de \u00e1gua limpa total ou parcial a cada ciclo de lavagem\u00a0para uma higiene e um brilho nunca vistos antes. O seu funcionamento \u00e9 muito pr\u00e1tico, basta remover o tubo de descarga para alterar a mudan\u00e7a&hellip;<\/p>\n","protected":false},"author":1,"featured_media":0,"parent":963,"menu_order":0,"comment_status":"closed","ping_status":"closed","template":"tax-linea.php","meta":{"_acf_changed":false,"footnotes":""},"class_list":["post-982","page","type-page","status-publish","hentry","description-off"],"acf":[],"_links":{"self":[{"href":"https:\/\/www.compack.it\/pt-pt\/wp-json\/wp\/v2\/pages\/982","targetHints":{"allow":["GET"]}}],"collection":[{"href":"https:\/\/www.compack.it\/pt-pt\/wp-json\/wp\/v2\/pages"}],"about":[{"href":"https:\/\/www.compack.it\/pt-pt\/wp-json\/wp\/v2\/types\/page"}],"author":[{"embeddable":true,"href":"https:\/\/www.compack.it\/pt-pt\/wp-json\/wp\/v2\/users\/1"}],"replies":[{"embeddable":true,"href":"https:\/\/www.compack.it\/pt-pt\/wp-json\/wp\/v2\/comments?post=982"}],"version-history":[{"count":2,"href":"https:\/\/www.compack.it\/pt-pt\/wp-json\/wp\/v2\/pages\/982\/revisions"}],"predecessor-version":[{"id":1210,"href":"https:\/\/www.compack.it\/pt-pt\/wp-json\/wp\/v2\/pages\/982\/revisions\/1210"}],"up":[{"embeddable":true,"href":"https:\/\/www.compack.it\/pt-pt\/wp-json\/wp\/v2\/pages\/963"}],"wp:attachment":[{"href":"https:\/\/www.compack.it\/pt-pt\/wp-json\/wp\/v2\/media?parent=982"}],"curies":[{"name":"wp","href":"https:\/\/api.w.org\/{rel}","templated":true}]}}