	{"id":820,"date":"2017-09-28T16:50:27","date_gmt":"2017-09-28T14:50:27","guid":{"rendered":"http:\/\/demowp001.stamyna.com\/compack\/kontakte\/"},"modified":"2017-09-28T17:11:32","modified_gmt":"2017-09-28T15:11:32","slug":"contactos","status":"publish","type":"page","link":"https:\/\/www.compack.it\/pt-pt\/contactos\/","title":{"rendered":"Contactos"},"content":{"rendered":"<div class=\"wpb-content-wrapper\"><p>[vc_row 0=&#8221;&#8221;][vc_column 0=&#8221;&#8221;]<div class=\"dt-fancy-separator title-left h2-size style-disabled\" style=\"width: 100%;\"><div class=\"dt-fancy-title\" style=\"color: #004e9c;\"><span class=\"separator-holder separator-left\"><\/span>Contactos<span class=\"separator-holder separator-right\"><\/span><\/div><\/div><div class=\"ult-spacer spacer-69e1f31d6a7a4\" data-id=\"69e1f31d6a7a4\" data-height=\"40\" data-height-mobile=\"20\" data-height-tab=\"40\" data-height-tab-portrait=\"40\" data-height-mobile-landscape=\"20\" style=\"clear:both;display:block;\"><\/div>[\/vc_column][\/vc_row][vc_row 0=&#8221;&#8221;][vc_column 0=&#8221;&#8221;]<div id='wrap_map_69e1f31d6a7cf' class='ultimate-map-wrapper ult-adjust-bottom-margin ' style=' height:400px;'><div id='map_69e1f31d6a7cf' data-map_override='0' class='ultimate_google_map wpb_content_element 0' style='width:100%;height:400px;'><\/div><\/div><script type='text\/javascript'>\n\t\t\t(function($) {\n  \t\t\t'use strict';\n\t\t\tvar map_map_69e1f31d6a7cf = null;\n\t\t\tvar coordinate_map_69e1f31d6a7cf;\n\t\t\tvar isDraggable = $(document).width() > 641 ? 'true' : 'true';\n\t\t\ttry\n\t\t\t{\n\t\t\t\tvar map_map_69e1f31d6a7cf = null;\n\t\t\t\tvar coordinate_map_69e1f31d6a7cf;\n\t\t\t\tcoordinate_map_69e1f31d6a7cf = new google.maps.LatLng(45.37523, 11.94468);\n\t\t\t\tvar mapOptions=\n\t\t\t\t{\n\t\t\t\t\tzoom: 12,\n\t\t\t\t\tcenter: coordinate_map_69e1f31d6a7cf,\n\t\t\t\t\tscaleControl: true,\n\t\t\t\t\tstreetViewControl: false,\n\t\t\t\t\tmapTypeControl: false,\n\t\t\t\t\tpanControl: false,\n\t\t\t\t\tzoomControl: false,\n\t\t\t\t\tscrollwheel: true,\n\t\t\t\t\tdraggable: isDraggable,\n\t\t\t\t\tzoomControlOptions: {\n\t\t\t\t\t\tposition: google.maps.ControlPosition.right_bottom\n\t\t\t\t\t},mapTypeId: google.maps.MapTypeId.roadmap,};var map_map_69e1f31d6a7cf = new google.maps.Map(document.getElementById('map_69e1f31d6a7cf'),mapOptions);\n\t\t\t\t\t\tvar x = 'infowindow_open_value';\n\t\t\t\t\t\tvar marker_map_69e1f31d6a7cf = new google.maps.Marker({\n\t\t\t\t\t\tposition: new google.maps.LatLng('45.37523', '11.94468'),\n\t\t\t\t\t\tanimation:  google.maps.Animation.DROP,\n\t\t\t\t\t\tmap: map_map_69e1f31d6a7cf,\n\t\t\t\t\t\ticon: ''\n\t\t\t\t\t});\tgoogle.maps.event.addListener(marker_map_69e1f31d6a7cf, 'click', toggleBounce);}\n\t\t\tcatch(e){};\n\t\t\tjQuery(document).ready(function($){\n\t\t\t\tgoogle.maps.event.trigger(map_map_69e1f31d6a7cf, 'resize');\n\t\t\t\t$(window).on('resize', function(){\n\t\t\t\t\tgoogle.maps.event.trigger(map_map_69e1f31d6a7cf, 'resize');\n\t\t\t\t\tif(map_map_69e1f31d6a7cf!=null)\n\t\t\t\t\t\tmap_map_69e1f31d6a7cf.setCenter(coordinate_map_69e1f31d6a7cf);\n\t\t\t\t});\n\t\t\t\t$('.ui-tabs').on('tabsactivate', function(event, ui) {\n\t\t\t\t   if($(this).find('.ultimate-map-wrapper').length > 0)\n\t\t\t\t\t{\n\t\t\t\t\t\tsetTimeout(function(){\n\t\t\t\t\t\t\t$(window).trigger('resize');\n\t\t\t\t\t\t},200);\n\t\t\t\t\t}\n\t\t\t\t});\n\t\t\t\t$('.ui-accordion').on('accordionactivate', function(event, ui) {\n\t\t\t\t   if($(this).find('.ultimate-map-wrapper').length > 0)\n\t\t\t\t\t{\n\t\t\t\t\t\tsetTimeout(function(){\n\t\t\t\t\t\t\t$(window).trigger('resize');\n\t\t\t\t\t\t},200);\n\t\t\t\t\t}\n\t\t\t\t});\n\t\t\t\t$(window).on('load',function(){\n\t\t\t\t\tsetTimeout(function(){\n\t\t\t\t\t\t$(window).trigger('resize');\n\t\t\t\t\t},200);\n\t\t\t\t});\n\t\t\t\t$('.ult_exp_section').on('select', function(){\n\t\t\t\t\tif($(map_map_69e1f31d6a7cf).parents('.ult_exp_section'))\n\t\t\t\t\t{\n\t\t\t\t\t\tsetTimeout(function(){\n\t\t\t\t\t\t\t$(window).trigger('resize');\n\t\t\t\t\t\t},200);\n\t\t\t\t\t}\n\t\t\t\t});\n\t\t\t\t$(document).on('onUVCModalPopupOpen', function(){\n\t\t\t\t\tif($(map_map_69e1f31d6a7cf).parents('.ult_modal-content'))\n\t\t\t\t\t{\n\t\t\t\t\t\tsetTimeout(function(){\n\t\t\t\t\t\t\t$(window).trigger('resize');\n\t\t\t\t\t\t},200);\n\t\t\t\t\t}\n\t\t\t\t});\n\t\t\t\t$(document).on('click','.ult_tab_li',function(){\n\t\t\t\t\t$(window).trigger('resize');\n\t\t\t\t\tsetTimeout(function(){\n\t\t\t\t\t\t$(window).trigger('resize');\n\t\t\t\t\t},200);\n\t\t\t\t});\n\t\t\t});\n\t\t\tfunction toggleBounce() {\n\t\t\t  if (marker_map_69e1f31d6a7cf.getAnimation() != null) {\n\t\t\t\tmarker_map_69e1f31d6a7cf.setAnimation(null);\n\t\t\t  } else {\n\t\t\t\tmarker_map_69e1f31d6a7cf.setAnimation(google.maps.Animation.BOUNCE);\n\t\t\t  }\n\t\t\t}\n\t\t\t})(jQuery);\n\t\t\t<\/script>[\/vc_column][\/vc_row][vc_row 0=&#8221;&#8221;][vc_column width=&#8221;1\/3&#8243;][vc_column_text 0=&#8221;&#8221;]<\/p>\n<h3><span class=\"grande\">Contactos<br \/>\n<\/span><\/h3>\n<p>email: \u00a0<a href=\"mailto:staff@compack.it\">staff@compack.it<\/a><\/p>\n<p>Via Austria, 19 \u2013 35127 PADOVA \u2013 ITALY[\/vc_column_text][\/vc_column][vc_column width=&#8221;2\/3&#8243;]\n<div class=\"wpcf7 no-js\" id=\"wpcf7-f803-o1\" lang=\"it-IT\" dir=\"ltr\" data-wpcf7-id=\"803\">\n<div class=\"screen-reader-response\"><p role=\"status\" aria-live=\"polite\" aria-atomic=\"true\"><\/p> <ul><\/ul><\/div>\n<form action=\"\/pt-pt\/wp-json\/wp\/v2\/pages\/820#wpcf7-f803-o1\" method=\"post\" class=\"wpcf7-form init\" aria-label=\"Modulo di contatto\" novalidate=\"novalidate\" data-status=\"init\">\n<fieldset class=\"hidden-fields-container\"><input type=\"hidden\" name=\"_wpcf7\" value=\"803\" \/><input type=\"hidden\" name=\"_wpcf7_version\" value=\"6.1\" \/><input type=\"hidden\" name=\"_wpcf7_locale\" value=\"it_IT\" \/><input type=\"hidden\" name=\"_wpcf7_unit_tag\" value=\"wpcf7-f803-o1\" \/><input type=\"hidden\" name=\"_wpcf7_container_post\" value=\"0\" \/><input type=\"hidden\" name=\"_wpcf7_posted_data_hash\" value=\"\" \/><input type=\"hidden\" name=\"_wpcf7dtx_version\" value=\"5.0.3\" \/><input type=\"hidden\" name=\"_wpcf7_recaptcha_response\" value=\"\" \/>\n<\/fieldset>\n<p><label><br \/>\n<span class=\"wpcf7-form-control-wrap\" data-name=\"nome\"><input size=\"40\" maxlength=\"400\" class=\"wpcf7-form-control wpcf7-text wpcf7-validates-as-required\" aria-required=\"true\" aria-invalid=\"false\" placeholder=\"Nome*\" value=\"\" type=\"text\" name=\"nome\" \/><\/span> <\/label>\n<\/p>\n<p><label><br \/>\n<span class=\"wpcf7-form-control-wrap\" data-name=\"cognome\"><input size=\"40\" maxlength=\"400\" class=\"wpcf7-form-control wpcf7-text wpcf7-validates-as-required\" aria-required=\"true\" aria-invalid=\"false\" placeholder=\"Apelido*\" value=\"\" type=\"text\" name=\"cognome\" \/><\/span> <\/label>\n<\/p>\n<p><label><br \/>\n<span class=\"wpcf7-form-control-wrap\" data-name=\"citta\"><input size=\"40\" maxlength=\"400\" class=\"wpcf7-form-control wpcf7-text wpcf7-validates-as-required\" aria-required=\"true\" aria-invalid=\"false\" placeholder=\"Citt\u00e0*\" value=\"\" type=\"text\" name=\"citta\" \/><\/span> <\/label>\n<\/p>\n<p><label><br \/>\n<span class=\"wpcf7-form-control-wrap\" data-name=\"cap\"><input size=\"40\" maxlength=\"400\" class=\"wpcf7-form-control wpcf7-text wpcf7-validates-as-required\" aria-required=\"true\" aria-invalid=\"false\" placeholder=\"CP*\" value=\"\" type=\"text\" name=\"cap\" \/><\/span> <\/label>\n<\/p>\n<p><label><br \/>\n<span class=\"wpcf7-form-control-wrap\" data-name=\"provincia\"><input size=\"40\" maxlength=\"400\" class=\"wpcf7-form-control wpcf7-text wpcf7-validates-as-required\" aria-required=\"true\" aria-invalid=\"false\" placeholder=\"Distrito*\" value=\"\" type=\"text\" name=\"provincia\" \/><\/span> <\/label>\n<\/p>\n<p><label><br \/>\n<span class=\"wpcf7-form-control-wrap\" data-name=\"telefono\"><input size=\"40\" maxlength=\"400\" class=\"wpcf7-form-control wpcf7-text wpcf7-validates-as-required\" aria-required=\"true\" aria-invalid=\"false\" placeholder=\"Telefone*\" value=\"\" type=\"text\" name=\"telefono\" \/><\/span> <\/label>\n<\/p>\n<p><label><br \/>\n<span class=\"wpcf7-form-control-wrap\" data-name=\"email\"><input size=\"40\" maxlength=\"400\" class=\"wpcf7-form-control wpcf7-email wpcf7-validates-as-required wpcf7-text wpcf7-validates-as-email\" aria-required=\"true\" aria-invalid=\"false\" placeholder=\"Email*\" value=\"\" type=\"email\" name=\"email\" \/><\/span> <\/label>\n<\/p>\n<p><label><br \/>\n<span class=\"wpcf7-form-control-wrap\" data-name=\"interesse\"><select class=\"wpcf7-form-control wpcf7-select wpcf7-validates-as-required\" aria-required=\"true\" aria-invalid=\"false\" name=\"interesse\"><option value=\"Informa\u00e7\u00f5es comerciais\">Informa\u00e7\u00f5es comerciais<\/option><option value=\"Informa\u00e7\u00f5es t\u00e9cnicas\">Informa\u00e7\u00f5es t\u00e9cnicas<\/option><option value=\"Informa\u00e7\u00f5es gerais\">Informa\u00e7\u00f5es gerais<\/option><\/select><\/span><\/label>\n<\/p>\n<p><label><br \/>\n<span class=\"wpcf7-form-control-wrap\" data-name=\"messaggio\"><textarea cols=\"40\" rows=\"10\" maxlength=\"2000\" class=\"wpcf7-form-control wpcf7-textarea\" aria-invalid=\"false\" placeholder=\"Outro\" name=\"messaggio\"><\/textarea><\/span> <\/label>\n<\/p>\n<p><span class=\"wpcf7-form-control-wrap\" data-name=\"accettazione-marketing\"><span class=\"wpcf7-form-control wpcf7-acceptance optional\"><span class=\"wpcf7-list-item\"><label><input type=\"checkbox\" name=\"accettazione-marketing\" value=\"1\" aria-invalid=\"false\" \/><span class=\"wpcf7-list-item-label\">Autorizo o tratamento dos meus dados pessoais para efeitos de envio de newsletters e material informativo e\/ou publicit\u00e1rio tamb\u00e9m por meios automatizados<\/span><\/label><\/span><\/span><\/span>\n<\/p>\n<p><span class=\"wpcf7-form-control-wrap\" data-name=\"accettazione-marketing-profilazione\"><span class=\"wpcf7-form-control wpcf7-acceptance optional\"><span class=\"wpcf7-list-item\"><label><input type=\"checkbox\" name=\"accettazione-marketing-profilazione\" value=\"1\" aria-invalid=\"false\" \/><span class=\"wpcf7-list-item-label\">Desejo receber comunica\u00e7\u00f5es de marketing personalizadas<\/span><\/label><\/span><\/span><\/span>\n<\/p>\n<p><span class=\"wpcf7-form-control-wrap\" data-name=\"accettazione-policy\"><span class=\"wpcf7-form-control wpcf7-acceptance\"><span class=\"wpcf7-list-item\"><label><input type=\"checkbox\" name=\"accettazione-policy\" value=\"1\" aria-invalid=\"false\" \/><span class=\"wpcf7-list-item-label\">Li e compreendi a <a href=\"https:\/\/www.compack.it\/en\/privacy-policy\/\" target=\"_blank\"> pol\u00edtica de privacidade*<\/a><\/span><\/label><\/span><\/span><\/span>\n<\/p>\n<p><br \/>\n<input class=\"wpcf7-form-control wpcf7-submit has-spinner\" type=\"submit\" value=\"Enviar\" \/>\n<\/p><div class=\"wpcf7-response-output\" aria-hidden=\"true\"><\/div>\n<\/form>\n<\/div>\n[\/vc_column][\/vc_row]<\/p>\n<\/div>","protected":false},"excerpt":{"rendered":"<p>[vc_row 0=&#8221;&#8221;][vc_column 0=&#8221;&#8221;][\/vc_column][\/vc_row][vc_row 0=&#8221;&#8221;][vc_column 0=&#8221;&#8221;][\/vc_column][\/vc_row][vc_row 0=&#8221;&#8221;][vc_column width=&#8221;1\/3&#8243;][vc_column_text 0=&#8221;&#8221;] Contactos email: \u00a0staff@compack.it Via Austria, 19 \u2013 35127 PADOVA \u2013 ITALY[\/vc_column_text][\/vc_column][vc_column width=&#8221;2\/3&#8243;][\/vc_column][\/vc_row]<\/p>\n","protected":false},"author":1,"featured_media":0,"parent":0,"menu_order":0,"comment_status":"closed","ping_status":"closed","template":"","meta":{"_acf_changed":false,"footnotes":""},"class_list":["post-820","page","type-page","status-publish","hentry","description-off"],"acf":[],"_links":{"self":[{"href":"https:\/\/www.compack.it\/pt-pt\/wp-json\/wp\/v2\/pages\/820","targetHints":{"allow":["GET"]}}],"collection":[{"href":"https:\/\/www.compack.it\/pt-pt\/wp-json\/wp\/v2\/pages"}],"about":[{"href":"https:\/\/www.compack.it\/pt-pt\/wp-json\/wp\/v2\/types\/page"}],"author":[{"embeddable":true,"href":"https:\/\/www.compack.it\/pt-pt\/wp-json\/wp\/v2\/users\/1"}],"replies":[{"embeddable":true,"href":"https:\/\/www.compack.it\/pt-pt\/wp-json\/wp\/v2\/comments?post=820"}],"version-history":[{"count":2,"href":"https:\/\/www.compack.it\/pt-pt\/wp-json\/wp\/v2\/pages\/820\/revisions"}],"predecessor-version":[{"id":822,"href":"https:\/\/www.compack.it\/pt-pt\/wp-json\/wp\/v2\/pages\/820\/revisions\/822"}],"wp:attachment":[{"href":"https:\/\/www.compack.it\/pt-pt\/wp-json\/wp\/v2\/media?parent=820"}],"curies":[{"name":"wp","href":"https:\/\/api.w.org\/{rel}","templated":true}]}}