	{"id":407,"date":"2017-05-08T14:08:28","date_gmt":"2017-05-08T12:08:28","guid":{"rendered":"http:\/\/demowp001.stamyna.com\/compack\/home\/"},"modified":"2022-01-03T10:04:34","modified_gmt":"2022-01-03T09:04:34","slug":"home","status":"publish","type":"page","link":"https:\/\/www.compack.it\/pt-pt\/","title":{"rendered":"HOME"},"content":{"rendered":"<div class=\"wpb-content-wrapper\"><p>[vc_row type=&#8221;vc_default&#8221; full_width=&#8221;stretch_row_content_no_spaces&#8221; bg_type=&#8221;image&#8221; bg_override=&#8221;full&#8221; css=&#8221;.vc_custom_1496313274781{margin-top: 0px !important;margin-right: 0px !important;margin-bottom: 0px !important;margin-left: 0px !important;border-top-width: 0px !important;border-right-width: 0px !important;border-bottom-width: 0px !important;border-left-width: 0px !important;padding-top: 0px !important;padding-right: 0px !important;padding-bottom: 0px !important;padding-left: 0px !important;}&#8221;][vc_column][rev_slider_vc alias=&#8221;home-pt&#8221;][\/vc_column][\/vc_row][vc_row type=&#8221;vc_default&#8221; bg_type=&#8221;bg_color&#8221; bg_override=&#8221;full&#8221; bg_color_value=&#8221;#b2cbe5&#8243;][vc_column]<div class=\"dt-fancy-separator title-right h2-size style-disabled\" style=\"width: 100%;\"><div class=\"dt-fancy-title\" style=\"color: #004e9c;\"><span class=\"separator-holder separator-left\"><\/span>Estilo, inova\u00e7\u00e3o e vis\u00e3o<span class=\"separator-holder separator-right\"><\/span><\/div><\/div><div class=\"ult-spacer spacer-69f5beed4a7e2\" data-id=\"69f5beed4a7e2\" data-height=\"15\" data-height-mobile=\"15\" data-height-tab=\"15\" data-height-tab-portrait=\"15\" data-height-mobile-landscape=\"15\" style=\"clear:both;display:block;\"><\/div>[vc_column_text]<\/p>\n<h3 style=\"text-align: right;\"><span style=\"color: #6f96bd;\">Compack conseguiu combinar os tra\u00e7os distintivos do Made in Italy com as necessidades dos protagonistas do mundo do catering e do food&amp;drink<\/span><\/h3>\n<p>[\/vc_column_text]<div class=\"ult-spacer spacer-69f5beed4a80c\" data-id=\"69f5beed4a80c\" data-height=\"25\" data-height-mobile=\"25\" data-height-tab=\"25\" data-height-tab-portrait=\"25\" data-height-mobile-landscape=\"25\" style=\"clear:both;display:block;\"><\/div>[vc_separator color=&#8221;custom&#8221; align=&#8221;align_right&#8221; border_width=&#8221;6&#8243; el_width=&#8221;20&#8243; accent_color=&#8221;#004e9c&#8221;]<div class=\"ult-spacer spacer-69f5beed4a82e\" data-id=\"69f5beed4a82e\" data-height=\"60\" data-height-mobile=\"60\" data-height-tab=\"60\" data-height-tab-portrait=\"60\" data-height-mobile-landscape=\"60\" style=\"clear:both;display:block;\"><\/div><div class=\"ult-spacer spacer-69f5beed4a846\" data-id=\"69f5beed4a846\" data-height=\"60\" data-height-mobile=\"60\" data-height-tab=\"60\" data-height-tab-portrait=\"60\" data-height-mobile-landscape=\"60\" style=\"clear:both;display:block;\"><\/div>[\/vc_column][\/vc_row][vc_row][vc_column el_class=&#8221;bordo-font&#8221;]<div class=\"ult-spacer spacer-69f5beed4a862\" data-id=\"69f5beed4a862\" data-height=\"25\" data-height-mobile=\"25\" data-height-tab=\"25\" data-height-tab-portrait=\"25\" data-height-mobile-landscape=\"25\" style=\"clear:both;display:block;\"><\/div><div class=\"ult-spacer spacer-69f5beed4a87d\" data-id=\"69f5beed4a87d\" data-height=\"60\" data-height-mobile=\"60\" data-height-tab=\"60\" data-height-tab-portrait=\"60\" data-height-mobile-landscape=\"60\" style=\"clear:both;display:block;\"><\/div><div id=\"ult-carousel-316452854169f5beed4a9ff\" class=\"ult-carousel-wrapper   ult_horizontal\" data-gutter=\"15\" data-rtl=\"false\" ><div class=\"ult-carousel-113462264769f5beed4a8cf \" >[vc_row_inner][vc_column_inner][vc_single_image image=&#8221;6288&#8243; img_size=&#8221;330&#215;352&#8243; alignment=&#8221;center&#8221; onclick=&#8221;custom_link&#8221; link=&#8221;\/pt-pt\/catalogo\/smart-line\/&#8221; css=&#8221;.vc_custom_1641200673010{padding-right: 20px !important;padding-left: 20px !important;}&#8221;][vc_column_text css=&#8221;.vc_custom_1509108033743{border-top-width: 1px !important;border-right-width: 1px !important;border-bottom-width: 1px !important;border-left-width: 1px !important;border-left-color: #004e9c !important;border-left-style: solid !important;border-right-color: #004e9c !important;border-right-style: solid !important;border-top-color: #004e9c !important;border-top-style: solid !important;border-bottom-color: #004e9c !important;border-bottom-style: solid !important;}&#8221;]<\/p>\n<h3 style=\"text-align: center;\"><a href=\"http:\/\/compack.it\/pt-pt\/catalogo\/smart-line\/\"><span style=\"color: #004e9c;\">SMART line<\/span><\/a><\/h3>\n<p>[\/vc_column_text][\/vc_column_inner][\/vc_row_inner][vc_row_inner][vc_column_inner][vc_single_image image=&#8221;6187&#8243; img_size=&#8221;175&#215;352&#8243; alignment=&#8221;center&#8221; onclick=&#8221;custom_link&#8221; link=&#8221;\/pt-pt\/catalogo\/plus-line\/&#8221; css=&#8221;.vc_custom_1637573376893{padding-right: 20px !important;padding-left: 20px !important;}&#8221;][vc_column_text css=&#8221;.vc_custom_1509108181928{border-top-width: 1px !important;border-right-width: 1px !important;border-bottom-width: 1px !important;border-left-width: 1px !important;border-left-color: #004e9c !important;border-left-style: solid !important;border-right-color: #004e9c !important;border-right-style: solid !important;border-top-color: #004e9c !important;border-top-style: solid !important;border-bottom-color: #004e9c !important;border-bottom-style: solid !important;}&#8221;]<\/p>\n<h3 style=\"text-align: center;\"><a href=\"http:\/\/compack.it\/pt-pt\/catalogo\/plus-line\/\"><span style=\"color: #004e9c;\">PLUS line<\/span><\/a><\/h3>\n<p>[\/vc_column_text][\/vc_column_inner][\/vc_row_inner][vc_row_inner][vc_column_inner][vc_single_image image=&#8221;6194&#8243; img_size=&#8221;175&#215;352&#8243; alignment=&#8221;center&#8221; onclick=&#8221;custom_link&#8221; link=&#8221;\/pt-pt\/catalogo\/exus-line\/&#8221; css=&#8221;.vc_custom_1637573391547{padding-right: 20px !important;padding-left: 20px !important;}&#8221;][vc_column_text css=&#8221;.vc_custom_1509108196204{border-top-width: 1px !important;border-right-width: 1px !important;border-bottom-width: 1px !important;border-left-width: 1px !important;border-left-color: #004e9c !important;border-left-style: solid !important;border-right-color: #004e9c !important;border-right-style: solid !important;border-top-color: #004e9c !important;border-top-style: solid !important;border-bottom-color: #004e9c !important;border-bottom-style: solid !important;}&#8221;]<\/p>\n<h3 style=\"text-align: center;\"><a href=\"http:\/\/compack.it\/pt-pt\/catalogo\/exus-line\/\"><span style=\"color: #004e9c;\">EXUS line<\/span><\/a><\/h3>\n<p>[\/vc_column_text][\/vc_column_inner][\/vc_row_inner][vc_row_inner][vc_column_inner][vc_single_image image=&#8221;1193&#8243; img_size=&#8221;330&#215;352&#8243; alignment=&#8221;center&#8221; onclick=&#8221;custom_link&#8221; link=&#8221;\/pt-pt\/catalogo\/tunnel-line\/&#8221; css=&#8221;.vc_custom_1513064751948{padding-right: 20px !important;padding-left: 20px !important;}&#8221;][vc_column_text css=&#8221;.vc_custom_1509108271816{border-top-width: 1px !important;border-right-width: 1px !important;border-bottom-width: 1px !important;border-left-width: 1px !important;border-left-color: #004e9c !important;border-left-style: solid !important;border-right-color: #004e9c !important;border-right-style: solid !important;border-top-color: #004e9c !important;border-top-style: solid !important;border-bottom-color: #004e9c !important;border-bottom-style: solid !important;}&#8221;]<\/p>\n<h3 style=\"text-align: center;\"><a href=\"http:\/\/compack.it\/pt-pt\/catalogo\/tunnel-line\/\"><span style=\"color: #004e9c;\">TUNNEL line<\/span><\/a><\/h3>\n<p>[\/vc_column_text][\/vc_column_inner][\/vc_row_inner]<\/div><\/div>\t\t\t<script type=\"text\/javascript\">\n\t\t\t\tjQuery(document).ready(function ($) {\n\t\t\t\t\tif( typeof jQuery('.ult-carousel-113462264769f5beed4a8cf').slick == \"function\"){\n\t\t\t\t\t\t$('.ult-carousel-113462264769f5beed4a8cf').slick({dots: false,autoplay: true,autoplaySpeed: \"5000\",speed: \"600\",infinite: true,arrows: true,nextArrow: '<button type=\"button\" role=\"button\" aria-label=\"Next\" style=\"color:#b2cbe5; font-size:80px;\" class=\"slick-next default\"><i class=\"ultsl-arrow-right6\"><\/i><\/button>',prevArrow: '<button type=\"button\" role=\"button\" aria-label=\"Previous\" style=\"color:#b2cbe5; font-size:80px;\" class=\"slick-prev default\"><i class=\"ultsl-arrow-left6\"><\/i><\/button>',slidesToScroll:3,slidesToShow:3,swipe: true,draggable: true,touchMove: true,pauseOnHover: true,pauseOnFocus: false,responsive: [\n\t\t\t\t\t\t\t{\n\t\t\t\t\t\t\t  breakpoint: 1026,\n\t\t\t\t\t\t\t  settings: {\n\t\t\t\t\t\t\t\tslidesToShow: 3,\n\t\t\t\t\t\t\t\tslidesToScroll: 3,  \n\t\t\t\t\t\t\t  }\n\t\t\t\t\t\t\t},\n\t\t\t\t\t\t\t{\n\t\t\t\t\t\t\t  breakpoint: 1025,\n\t\t\t\t\t\t\t  settings: {\n\t\t\t\t\t\t\t\tslidesToShow: 2,\n\t\t\t\t\t\t\t\tslidesToScroll: 2\n\t\t\t\t\t\t\t  }\n\t\t\t\t\t\t\t},\n\t\t\t\t\t\t\t{\n\t\t\t\t\t\t\t  breakpoint: 760,\n\t\t\t\t\t\t\t  settings: {\n\t\t\t\t\t\t\t\tslidesToShow: 1,\n\t\t\t\t\t\t\t\tslidesToScroll: 1\n\t\t\t\t\t\t\t  }\n\t\t\t\t\t\t\t}\n\t\t\t\t\t\t],pauseOnDotsHover: true,customPaging: function(slider, i) {\n                   return '<i type=\"button\" style= \"color:#333333;\" class=\"ultsl-record\" data-role=\"none\"><\/i>';\n                },});\n\t\t\t\t\t}\n\t\t\t\t});\n\t\t\t<\/script>\n\t\t\t<div class=\"ult-spacer spacer-69f5beed4aa8f\" data-id=\"69f5beed4aa8f\" data-height=\"60\" data-height-mobile=\"60\" data-height-tab=\"60\" data-height-tab-portrait=\"60\" data-height-mobile-landscape=\"60\" style=\"clear:both;display:block;\"><\/div>[\/vc_column][\/vc_row][vc_row type=&#8221;vc_default&#8221; bg_type=&#8221;image&#8221; parallax_style=&#8221;vcpb-default&#8221; bg_img_attach=&#8221;fixed&#8221; bg_override=&#8221;full&#8221; css=&#8221;.vc_custom_1522937374101{background-image: url(https:\/\/www.compack.it\/wp-content\/uploads\/sites\/2\/2017\/05\/posate-1.jpg?id=202) !important;}&#8221;][vc_column]<div class=\"ult-spacer spacer-69f5beed4aabb\" data-id=\"69f5beed4aabb\" data-height=\"460\" data-height-mobile=\"460\" data-height-tab=\"460\" data-height-tab-portrait=\"460\" data-height-mobile-landscape=\"460\" style=\"clear:both;display:block;\"><\/div>[\/vc_column][\/vc_row]<\/p>\n<\/div>","protected":false},"excerpt":{"rendered":"<p>[vc_row type=&#8221;vc_default&#8221; full_width=&#8221;stretch_row_content_no_spaces&#8221; bg_type=&#8221;image&#8221; bg_override=&#8221;full&#8221; css=&#8221;.vc_custom_1496313274781{margin-top: 0px !important;margin-right: 0px !important;margin-bottom: 0px !important;margin-left: 0px !important;border-top-width: 0px !important;border-right-width: 0px !important;border-bottom-width: 0px !important;border-left-width: 0px !important;padding-top: 0px !important;padding-right: 0px !important;padding-bottom: 0px !important;padding-left: 0px !important;}&#8221;][vc_column][rev_slider_vc alias=&#8221;home-pt&#8221;][\/vc_column][\/vc_row][vc_row type=&#8221;vc_default&#8221; bg_type=&#8221;bg_color&#8221; bg_override=&#8221;full&#8221; bg_color_value=&#8221;#b2cbe5&#8243;][vc_column][vc_column_text] Compack conseguiu combinar os tra\u00e7os distintivos do Made in Italy com as necessidades dos protagonistas do mundo do catering e&hellip;<\/p>\n","protected":false},"author":1,"featured_media":0,"parent":0,"menu_order":0,"comment_status":"closed","ping_status":"closed","template":"","meta":{"_acf_changed":false,"footnotes":""},"class_list":["post-407","page","type-page","status-publish","hentry","description-off"],"acf":[],"_links":{"self":[{"href":"https:\/\/www.compack.it\/pt-pt\/wp-json\/wp\/v2\/pages\/407","targetHints":{"allow":["GET"]}}],"collection":[{"href":"https:\/\/www.compack.it\/pt-pt\/wp-json\/wp\/v2\/pages"}],"about":[{"href":"https:\/\/www.compack.it\/pt-pt\/wp-json\/wp\/v2\/types\/page"}],"author":[{"embeddable":true,"href":"https:\/\/www.compack.it\/pt-pt\/wp-json\/wp\/v2\/users\/1"}],"replies":[{"embeddable":true,"href":"https:\/\/www.compack.it\/pt-pt\/wp-json\/wp\/v2\/comments?post=407"}],"version-history":[{"count":12,"href":"https:\/\/www.compack.it\/pt-pt\/wp-json\/wp\/v2\/pages\/407\/revisions"}],"predecessor-version":[{"id":6360,"href":"https:\/\/www.compack.it\/pt-pt\/wp-json\/wp\/v2\/pages\/407\/revisions\/6360"}],"wp:attachment":[{"href":"https:\/\/www.compack.it\/pt-pt\/wp-json\/wp\/v2\/media?parent=407"}],"curies":[{"name":"wp","href":"https:\/\/api.w.org\/{rel}","templated":true}]}}