	{"id":1993,"date":"2017-09-27T16:16:57","date_gmt":"2017-09-27T14:16:57","guid":{"rendered":"https:\/\/www.compack.it\/?page_id=1993"},"modified":"2019-04-08T12:13:40","modified_gmt":"2019-04-08T10:13:40","slug":"composizioni-tavoli-lavastoviglie","status":"publish","type":"page","link":"https:\/\/www.compack.it\/pt-pt\/documentacao\/composizioni-tavoli-lavastoviglie\/","title":{"rendered":"Composi\u00e7\u00f5es de Mesa e Lava-lou\u00e7as"},"content":{"rendered":"","protected":false},"excerpt":{"rendered":"","protected":false},"author":3,"featured_media":0,"parent":495,"menu_order":0,"comment_status":"closed","ping_status":"closed","template":"page-template-documentazione.php","meta":{"_acf_changed":false,"footnotes":""},"class_list":["post-1993","page","type-page","status-publish","hentry","description-off"],"acf":[],"_links":{"self":[{"href":"https:\/\/www.compack.it\/pt-pt\/wp-json\/wp\/v2\/pages\/1993","targetHints":{"allow":["GET"]}}],"collection":[{"href":"https:\/\/www.compack.it\/pt-pt\/wp-json\/wp\/v2\/pages"}],"about":[{"href":"https:\/\/www.compack.it\/pt-pt\/wp-json\/wp\/v2\/types\/page"}],"author":[{"embeddable":true,"href":"https:\/\/www.compack.it\/pt-pt\/wp-json\/wp\/v2\/users\/3"}],"replies":[{"embeddable":true,"href":"https:\/\/www.compack.it\/pt-pt\/wp-json\/wp\/v2\/comments?post=1993"}],"version-history":[{"count":2,"href":"https:\/\/www.compack.it\/pt-pt\/wp-json\/wp\/v2\/pages\/1993\/revisions"}],"predecessor-version":[{"id":2009,"href":"https:\/\/www.compack.it\/pt-pt\/wp-json\/wp\/v2\/pages\/1993\/revisions\/2009"}],"up":[{"embeddable":true,"href":"https:\/\/www.compack.it\/pt-pt\/wp-json\/wp\/v2\/pages\/495"}],"wp:attachment":[{"href":"https:\/\/www.compack.it\/pt-pt\/wp-json\/wp\/v2\/media?parent=1993"}],"curies":[{"name":"wp","href":"https:\/\/api.w.org\/{rel}","templated":true}]}}