	{"id":11008,"date":"2024-10-09T15:21:16","date_gmt":"2024-10-09T13:21:16","guid":{"rendered":"https:\/\/www.compack.it\/privacy-policies\/"},"modified":"2025-03-10T09:29:07","modified_gmt":"2025-03-10T08:29:07","slug":"privacy-policies","status":"publish","type":"page","link":"https:\/\/www.compack.it\/pt-pt\/privacy-policies\/","title":{"rendered":"Privacy Policies"},"content":{"rendered":"<div class=\"wpb-content-wrapper\"><p>[vc_row][vc_column]<div class=\"ult-spacer spacer-69fcce1856791\" data-id=\"69fcce1856791\" data-height=\"40\" data-height-mobile=\"20\" data-height-tab=\"40\" data-height-tab-portrait=\"40\" data-height-mobile-landscape=\"20\" style=\"clear:both;display:block;\"><\/div><div class=\"dt-fancy-separator title-left h1-size style-disabled\" style=\"width: 100%;\"><div class=\"dt-fancy-title\" style=\"color: #004e9c;\"><span class=\"separator-holder separator-left\"><\/span>Privacy policies<span class=\"separator-holder separator-right\"><\/span><\/div><\/div><div class=\"ult-spacer spacer-69fcce18567eb\" data-id=\"69fcce18567eb\" data-height=\"40\" data-height-mobile=\"20\" data-height-tab=\"40\" data-height-tab-portrait=\"40\" data-height-mobile-landscape=\"20\" style=\"clear:both;display:block;\"><\/div>[vc_column_text css=&#8221;&#8221;]<strong>A prote\u00e7\u00e3o dos dados pessoais dos nossos usu\u00e1rios \u00e9 importante para n\u00f3s. Queremos garantir transpar\u00eancia e seguran\u00e7a no processamento das informa\u00e7\u00f5es que voc\u00ea compartilha. Nesta se\u00e7\u00e3o, voc\u00ea encontrar\u00e1 todas as informa\u00e7\u00f5es sobre como coletamos, usamos e protegemos seus dados.<\/strong>[\/vc_column_text][\/vc_column][\/vc_row][vc_row][vc_column]<span id=\"creative-link-wrap-4207\" class=\"ult_main_cl ult-adjust-bottom-margin  \" >\n\t \t\t\t<span class=\"ult_cl_link_1  ult_crlink\" >\n\t\t\t\t\t<a  data-ultimate-target='#creative-link-wrap-4207 .ult_colorlink'  data-responsive-json-new='{\"font-size\":\"\",\"line-height\":\"\"}'  href=\"https:\/\/www.compack.it\/pt-pt\/privacy-policies\/informativa-al-trattamento-dei-dati-personali-dellutente\/\" title=\"Information on the Processing of Personal Data of the User\" target=\"_blank\" rel=\"noopener\"  class=\"ult_colorlink ult-responsive \" style=\"float:left;font-weight:normal;color:#333333; \"  data-textcolor=\"#333333\" data-texthover=\"#333333\"data-style=\"Style_1\">\n\t\t\t\t\t\t\n\t\t\t\t\t\t<span data-hover=\"Informa\u00e7\u00f5es sobre o tratamento de dados pessoais do usu\u00e1rio\" style=\"color:#333333;;;\" class=\"ult_btn10_span   \">Informa\u00e7\u00f5es sobre o tratamento de dados pessoais do usu\u00e1rio<\/span>\n\t\t\t\t\t\t\n\t\t\t\t\t<\/a>\n\t\t\t\t<\/span>\n\t\t\t<\/span><div class=\"ult-spacer spacer-69fcce1856846\" data-id=\"69fcce1856846\" data-height=\"40\" data-height-mobile=\"20\" data-height-tab=\"40\" data-height-tab-portrait=\"40\" data-height-mobile-landscape=\"20\" style=\"clear:both;display:block;\"><\/div><span id=\"creative-link-wrap-4320\" class=\"ult_main_cl ult-adjust-bottom-margin  \" >\n\t \t\t\t<span class=\"ult_cl_link_1  ult_crlink\" >\n\t\t\t\t\t<a  data-ultimate-target='#creative-link-wrap-4320 .ult_colorlink'  data-responsive-json-new='{\"font-size\":\"\",\"line-height\":\"\"}'  href=\"https:\/\/www.compack.it\/pt-pt\/privacy-policy-for-supplier\/\" title=\"Privacy Policy for Suppliers\" target=\"_blank\" rel=\"noopener\"  class=\"ult_colorlink ult-responsive \" style=\"float:left;font-weight:normal;color:#333333; \"  data-textcolor=\"#333333\" data-texthover=\"#333333\"data-style=\"Style_1\">\n\t\t\t\t\t\t\n\t\t\t\t\t\t<span data-hover=\"Informa\u00e7\u00f5es para fornecedores\" style=\"color:#333333;;;\" class=\"ult_btn10_span   \">Informa\u00e7\u00f5es para fornecedores<\/span>\n\t\t\t\t\t\t\n\t\t\t\t\t<\/a>\n\t\t\t\t<\/span>\n\t\t\t<\/span><div class=\"ult-spacer spacer-69fcce185687a\" data-id=\"69fcce185687a\" data-height=\"40\" data-height-mobile=\"20\" data-height-tab=\"40\" data-height-tab-portrait=\"40\" data-height-mobile-landscape=\"20\" style=\"clear:both;display:block;\"><\/div><span id=\"creative-link-wrap-5826\" class=\"ult_main_cl ult-adjust-bottom-margin  \" >\n\t \t\t\t<span class=\"ult_cl_link_1  ult_crlink\" >\n\t\t\t\t\t<a  data-ultimate-target='#creative-link-wrap-5826 .ult_colorlink'  data-responsive-json-new='{\"font-size\":\"\",\"line-height\":\"\"}'  href=\"https:\/\/www.compack.it\/pt-pt\/privacy-policy-for-customers-and-potential-customers\/\" title=\"Privacy Policy for Customers and Potential Customer\" target=\"_blank\" rel=\"noopener\"  class=\"ult_colorlink ult-responsive \" style=\"float:left;font-weight:normal;color:#333333; \"  data-textcolor=\"#333333\" data-texthover=\"#333333\"data-style=\"Style_1\">\n\t\t\t\t\t\t\n\t\t\t\t\t\t<span data-hover=\"Informa\u00e7\u00f5es para clientes e potenciais clientes\" style=\"color:#333333;;;\" class=\"ult_btn10_span   \">Informa\u00e7\u00f5es para clientes e potenciais clientes<\/span>\n\t\t\t\t\t\t\n\t\t\t\t\t<\/a>\n\t\t\t\t<\/span>\n\t\t\t<\/span><div class=\"ult-spacer spacer-69fcce18568a8\" data-id=\"69fcce18568a8\" data-height=\"40\" data-height-mobile=\"20\" data-height-tab=\"40\" data-height-tab-portrait=\"40\" data-height-mobile-landscape=\"20\" style=\"clear:both;display:block;\"><\/div><span id=\"creative-link-wrap-4541\" class=\"ult_main_cl ult-adjust-bottom-margin  \" >\n\t \t\t\t<span class=\"ult_cl_link_1  ult_crlink\" >\n\t\t\t\t\t<a  data-ultimate-target='#creative-link-wrap-4541 .ult_colorlink'  data-responsive-json-new='{\"font-size\":\"\",\"line-height\":\"\"}'  href=\"https:\/\/www.compack.it\/pt-pt\/cookie-policy-and-third-party-services\/\" title=\"Cookie Policy and Third Party Services\" target=\"_blank\" rel=\"noopener\"  class=\"ult_colorlink ult-responsive \" style=\"float:left;font-weight:normal;color:#333333; \"  data-textcolor=\"#333333\" data-texthover=\"#333333\"data-style=\"Style_1\">\n\t\t\t\t\t\t\n\t\t\t\t\t\t<span data-hover=\"Pol\u00edtica de cookies e servi\u00e7os de terceiros\" style=\"color:#333333;;;\" class=\"ult_btn10_span   \">Pol\u00edtica de cookies e servi\u00e7os de terceiros<\/span>\n\t\t\t\t\t\t\n\t\t\t\t\t<\/a>\n\t\t\t\t<\/span>\n\t\t\t<\/span><div class=\"ult-spacer spacer-69fcce18568d3\" data-id=\"69fcce18568d3\" data-height=\"40\" data-height-mobile=\"20\" data-height-tab=\"40\" data-height-tab-portrait=\"40\" data-height-mobile-landscape=\"20\" style=\"clear:both;display:block;\"><\/div><span id=\"creative-link-wrap-7767\" class=\"ult_main_cl ult-adjust-bottom-margin  \" >\n\t \t\t\t<span class=\"ult_cl_link_1  ult_crlink\" >\n\t\t\t\t\t<a  data-ultimate-target='#creative-link-wrap-7767 .ult_colorlink'  data-responsive-json-new='{\"font-size\":\"\",\"line-height\":\"\"}'  href=\"https:\/\/www.compack.it\/pt-pt\/privacy-policy-for-applicants\/\" title=\"Privacy Policy for Applicants\" target=\"_blank\" rel=\"noopener\"  class=\"ult_colorlink ult-responsive \" style=\"float:left;font-weight:normal;color:#333333; \"  data-textcolor=\"#333333\" data-texthover=\"#333333\"data-style=\"Style_1\">\n\t\t\t\t\t\t\n\t\t\t\t\t\t<span data-hover=\"Informa\u00e7\u00f5es para candidatos\" style=\"color:#333333;;;\" class=\"ult_btn10_span   \">Informa\u00e7\u00f5es para candidatos<\/span>\n\t\t\t\t\t\t\n\t\t\t\t\t<\/a>\n\t\t\t\t<\/span>\n\t\t\t<\/span>[\/vc_column][\/vc_row][vc_row][vc_column]<div class=\"ult-spacer spacer-69fcce18568fb\" data-id=\"69fcce18568fb\" data-height=\"30\" data-height-mobile=\"30\" data-height-tab=\"30\" data-height-tab-portrait=\"\" data-height-mobile-landscape=\"\" style=\"clear:both;display:block;\"><\/div>[\/vc_column][\/vc_row]<\/p>\n<\/div>","protected":false},"excerpt":{"rendered":"<p>[vc_row][vc_column][vc_column_text css=&#8221;&#8221;]A prote\u00e7\u00e3o dos dados pessoais dos nossos usu\u00e1rios \u00e9 importante para n\u00f3s. Queremos garantir transpar\u00eancia e seguran\u00e7a no processamento das informa\u00e7\u00f5es que voc\u00ea compartilha. Nesta se\u00e7\u00e3o, voc\u00ea encontrar\u00e1 todas as informa\u00e7\u00f5es sobre como coletamos, usamos e protegemos seus dados.[\/vc_column_text][\/vc_column][\/vc_row][vc_row][vc_column][\/vc_column][\/vc_row][vc_row][vc_column][\/vc_column][\/vc_row]<\/p>\n","protected":false},"author":11725,"featured_media":0,"parent":0,"menu_order":0,"comment_status":"closed","ping_status":"closed","template":"","meta":{"_acf_changed":false,"footnotes":""},"class_list":["post-11008","page","type-page","status-publish","hentry","description-off"],"acf":[],"_links":{"self":[{"href":"https:\/\/www.compack.it\/pt-pt\/wp-json\/wp\/v2\/pages\/11008","targetHints":{"allow":["GET"]}}],"collection":[{"href":"https:\/\/www.compack.it\/pt-pt\/wp-json\/wp\/v2\/pages"}],"about":[{"href":"https:\/\/www.compack.it\/pt-pt\/wp-json\/wp\/v2\/types\/page"}],"author":[{"embeddable":true,"href":"https:\/\/www.compack.it\/pt-pt\/wp-json\/wp\/v2\/users\/11725"}],"replies":[{"embeddable":true,"href":"https:\/\/www.compack.it\/pt-pt\/wp-json\/wp\/v2\/comments?post=11008"}],"version-history":[{"count":3,"href":"https:\/\/www.compack.it\/pt-pt\/wp-json\/wp\/v2\/pages\/11008\/revisions"}],"predecessor-version":[{"id":11659,"href":"https:\/\/www.compack.it\/pt-pt\/wp-json\/wp\/v2\/pages\/11008\/revisions\/11659"}],"wp:attachment":[{"href":"https:\/\/www.compack.it\/pt-pt\/wp-json\/wp\/v2\/media?parent=11008"}],"curies":[{"name":"wp","href":"https:\/\/api.w.org\/{rel}","templated":true}]}}