	{"id":1091,"date":"2017-09-20T17:52:57","date_gmt":"2017-09-20T15:52:57","guid":{"rendered":"http:\/\/compack.it\/catalogo\/tunnel-line\/"},"modified":"2017-10-26T16:45:06","modified_gmt":"2017-10-26T14:45:06","slug":"tunnel-line","status":"publish","type":"page","link":"https:\/\/www.compack.it\/pt-pt\/catalogo\/tunnel-line\/","title":{"rendered":"TUNNEL line"},"content":{"rendered":"<div class=\"wpb-content-wrapper\"><p>[vc_row][vc_column width=&#8221;1\/3&#8243;]<div class=\"dt-fancy-separator title-left h1-size\" style=\"width: 100%;\"><div class=\"dt-fancy-title\" style=\"color: #5dafe1;\"><span class=\"separator-holder separator-left\"><\/span>TUNNEL line<span class=\"separator-holder separator-right\"><\/span><\/div><\/div>[\/vc_column][vc_column width=&#8221;2\/3&#8243;][vc_column_text]A linha <strong>TUNNEL<\/strong> foi estudada para satisfazer as exig\u00eancias de cada cliente gra\u00e7as aos v\u00e1rios acess\u00f3rios que podem ser instalados, conseguindo conjugar\u00a0<strong>grandes cargas de trabalho e otimizando os espa\u00e7os<\/strong>\u00a0\u00e0 disposi\u00e7\u00e3o, simplificando o trabalho do operador e reduzindo os consumos. Os modelos desta linha est\u00e3o equipados com um d<strong>uplo sistema de filtra\u00e7\u00e3o<\/strong>\u00a0que ret\u00e9m todos os res\u00edduos, as bombas de lavagem verticais e os bra\u00e7os de lavagem em a\u00e7o inox garantem um\u00a0<strong>grande desempenho<\/strong>. Tunnel est\u00e1, al\u00e9m disso, equipada com\u00a0<strong>portas contrabalan\u00e7adas com dupla parede<\/strong>\u00a0e sistema de antiqueda e com\u00a0<strong>tanques perfilados e arredondados.<\/strong>[\/vc_column_text][\/vc_column][\/vc_row]<\/p>\n<\/div>","protected":false},"excerpt":{"rendered":"<p>[vc_row][vc_column width=&#8221;1\/3&#8243;][\/vc_column][vc_column width=&#8221;2\/3&#8243;][vc_column_text]A linha TUNNEL foi estudada para satisfazer as exig\u00eancias de cada cliente gra\u00e7as aos v\u00e1rios acess\u00f3rios que podem ser instalados, conseguindo conjugar\u00a0grandes cargas de trabalho e otimizando os espa\u00e7os\u00a0\u00e0 disposi\u00e7\u00e3o, simplificando o trabalho do operador e reduzindo os consumos. Os modelos desta linha est\u00e3o equipados com um duplo sistema de filtra\u00e7\u00e3o\u00a0que ret\u00e9m todos&hellip;<\/p>\n","protected":false},"author":1,"featured_media":0,"parent":963,"menu_order":0,"comment_status":"closed","ping_status":"closed","template":"tax-linea.php","meta":{"_acf_changed":false,"footnotes":""},"class_list":["post-1091","page","type-page","status-publish","hentry","description-off"],"acf":[],"_links":{"self":[{"href":"https:\/\/www.compack.it\/pt-pt\/wp-json\/wp\/v2\/pages\/1091","targetHints":{"allow":["GET"]}}],"collection":[{"href":"https:\/\/www.compack.it\/pt-pt\/wp-json\/wp\/v2\/pages"}],"about":[{"href":"https:\/\/www.compack.it\/pt-pt\/wp-json\/wp\/v2\/types\/page"}],"author":[{"embeddable":true,"href":"https:\/\/www.compack.it\/pt-pt\/wp-json\/wp\/v2\/users\/1"}],"replies":[{"embeddable":true,"href":"https:\/\/www.compack.it\/pt-pt\/wp-json\/wp\/v2\/comments?post=1091"}],"version-history":[{"count":2,"href":"https:\/\/www.compack.it\/pt-pt\/wp-json\/wp\/v2\/pages\/1091\/revisions"}],"predecessor-version":[{"id":1093,"href":"https:\/\/www.compack.it\/pt-pt\/wp-json\/wp\/v2\/pages\/1091\/revisions\/1093"}],"up":[{"embeddable":true,"href":"https:\/\/www.compack.it\/pt-pt\/wp-json\/wp\/v2\/pages\/963"}],"wp:attachment":[{"href":"https:\/\/www.compack.it\/pt-pt\/wp-json\/wp\/v2\/media?parent=1091"}],"curies":[{"name":"wp","href":"https:\/\/api.w.org\/{rel}","templated":true}]}}