	{"id":1068,"date":"2017-09-20T17:52:57","date_gmt":"2017-09-20T15:52:57","guid":{"rendered":"http:\/\/compack.it\/catalogo\/aris-line\/"},"modified":"2017-10-26T16:24:17","modified_gmt":"2017-10-26T14:24:17","slug":"aris-line","status":"publish","type":"page","link":"https:\/\/www.compack.it\/pt-pt\/catalogo\/aris-line\/","title":{"rendered":"ARIS line"},"content":{"rendered":"<div class=\"wpb-content-wrapper\"><p>[vc_row][vc_column width=&#8221;1\/3&#8243;]<div class=\"dt-fancy-separator title-left h1-size\" style=\"width: 100%;\"><div class=\"dt-fancy-title\" style=\"color: #bc9ac4;\"><span class=\"separator-holder separator-left\"><\/span>ARIS line<span class=\"separator-holder separator-right\"><\/span><\/div><\/div>[\/vc_column][vc_column width=&#8221;2\/3&#8243;][vc_column_text]Fiabilidade e simplicidade de uso: estas s\u00e3o as palavras-chave da linha\u00a0<strong>ARIS<\/strong>.<br \/>\nO painel de comandos com bot\u00f5es simplifica mais do que nunca todas as fun\u00e7\u00f5es, demonstrando uma grande dura\u00e7\u00e3o no tempo.[\/vc_column_text][\/vc_column][\/vc_row]<\/p>\n<\/div>","protected":false},"excerpt":{"rendered":"<p>[vc_row][vc_column width=&#8221;1\/3&#8243;][\/vc_column][vc_column width=&#8221;2\/3&#8243;][vc_column_text]Fiabilidade e simplicidade de uso: estas s\u00e3o as palavras-chave da linha\u00a0ARIS. O painel de comandos com bot\u00f5es simplifica mais do que nunca todas as fun\u00e7\u00f5es, demonstrando uma grande dura\u00e7\u00e3o no tempo.[\/vc_column_text][\/vc_column][\/vc_row]<\/p>\n","protected":false},"author":1,"featured_media":0,"parent":963,"menu_order":0,"comment_status":"closed","ping_status":"closed","template":"tax-linea.php","meta":{"_acf_changed":false,"footnotes":""},"class_list":["post-1068","page","type-page","status-publish","hentry","description-off"],"acf":[],"_links":{"self":[{"href":"https:\/\/www.compack.it\/pt-pt\/wp-json\/wp\/v2\/pages\/1068","targetHints":{"allow":["GET"]}}],"collection":[{"href":"https:\/\/www.compack.it\/pt-pt\/wp-json\/wp\/v2\/pages"}],"about":[{"href":"https:\/\/www.compack.it\/pt-pt\/wp-json\/wp\/v2\/types\/page"}],"author":[{"embeddable":true,"href":"https:\/\/www.compack.it\/pt-pt\/wp-json\/wp\/v2\/users\/1"}],"replies":[{"embeddable":true,"href":"https:\/\/www.compack.it\/pt-pt\/wp-json\/wp\/v2\/comments?post=1068"}],"version-history":[{"count":1,"href":"https:\/\/www.compack.it\/pt-pt\/wp-json\/wp\/v2\/pages\/1068\/revisions"}],"predecessor-version":[{"id":1069,"href":"https:\/\/www.compack.it\/pt-pt\/wp-json\/wp\/v2\/pages\/1068\/revisions\/1069"}],"up":[{"embeddable":true,"href":"https:\/\/www.compack.it\/pt-pt\/wp-json\/wp\/v2\/pages\/963"}],"wp:attachment":[{"href":"https:\/\/www.compack.it\/pt-pt\/wp-json\/wp\/v2\/media?parent=1068"}],"curies":[{"name":"wp","href":"https:\/\/api.w.org\/{rel}","templated":true}]}}