	{"id":1044,"date":"2017-09-20T17:52:57","date_gmt":"2017-09-20T15:52:57","guid":{"rendered":"http:\/\/compack.it\/catalogo\/exus-line\/"},"modified":"2017-10-26T15:24:32","modified_gmt":"2017-10-26T13:24:32","slug":"exus-line","status":"publish","type":"page","link":"https:\/\/www.compack.it\/pt-pt\/catalogo\/exus-line\/","title":{"rendered":"EXUS line"},"content":{"rendered":"<div class=\"wpb-content-wrapper\"><p>[vc_row][vc_column width=&#8221;1\/3&#8243;]<div class=\"dt-fancy-separator title-left h1-size\" style=\"width: 100%;\"><div class=\"dt-fancy-title\" style=\"color: #82c1b9;\"><span class=\"separator-holder separator-left\"><\/span>EXUS line<span class=\"separator-holder separator-right\"><\/span><\/div><\/div>[\/vc_column][vc_column width=&#8221;2\/3&#8243;][vc_column_text]A linha <strong>EXUS<\/strong> distingue-se pela sua vasta gama de modelos adequados para qualquer situa\u00e7\u00e3o. O sistema de controlo atrav\u00e9s da placa eletr\u00f3nica oferece grandes possibilidades de personaliza\u00e7\u00e3o em base \u00e0s suas exig\u00eancias, permitindo regular com precis\u00e3o qualquer par\u00e2metro garantindo resultados de lavagem sempre ideais.[\/vc_column_text][\/vc_column][\/vc_row]<\/p>\n<\/div>","protected":false},"excerpt":{"rendered":"<p>[vc_row][vc_column width=&#8221;1\/3&#8243;][\/vc_column][vc_column width=&#8221;2\/3&#8243;][vc_column_text]A linha EXUS distingue-se pela sua vasta gama de modelos adequados para qualquer situa\u00e7\u00e3o. O sistema de controlo atrav\u00e9s da placa eletr\u00f3nica oferece grandes possibilidades de personaliza\u00e7\u00e3o em base \u00e0s suas exig\u00eancias, permitindo regular com precis\u00e3o qualquer par\u00e2metro garantindo resultados de lavagem sempre ideais.[\/vc_column_text][\/vc_column][\/vc_row]<\/p>\n","protected":false},"author":1,"featured_media":0,"parent":963,"menu_order":0,"comment_status":"closed","ping_status":"closed","template":"tax-linea.php","meta":{"_acf_changed":false,"footnotes":""},"class_list":["post-1044","page","type-page","status-publish","hentry","description-off"],"acf":[],"_links":{"self":[{"href":"https:\/\/www.compack.it\/pt-pt\/wp-json\/wp\/v2\/pages\/1044","targetHints":{"allow":["GET"]}}],"collection":[{"href":"https:\/\/www.compack.it\/pt-pt\/wp-json\/wp\/v2\/pages"}],"about":[{"href":"https:\/\/www.compack.it\/pt-pt\/wp-json\/wp\/v2\/types\/page"}],"author":[{"embeddable":true,"href":"https:\/\/www.compack.it\/pt-pt\/wp-json\/wp\/v2\/users\/1"}],"replies":[{"embeddable":true,"href":"https:\/\/www.compack.it\/pt-pt\/wp-json\/wp\/v2\/comments?post=1044"}],"version-history":[{"count":1,"href":"https:\/\/www.compack.it\/pt-pt\/wp-json\/wp\/v2\/pages\/1044\/revisions"}],"predecessor-version":[{"id":1045,"href":"https:\/\/www.compack.it\/pt-pt\/wp-json\/wp\/v2\/pages\/1044\/revisions\/1045"}],"up":[{"embeddable":true,"href":"https:\/\/www.compack.it\/pt-pt\/wp-json\/wp\/v2\/pages\/963"}],"wp:attachment":[{"href":"https:\/\/www.compack.it\/pt-pt\/wp-json\/wp\/v2\/media?parent=1044"}],"curies":[{"name":"wp","href":"https:\/\/api.w.org\/{rel}","templated":true}]}}