	{"id":1024,"date":"2017-09-20T17:52:57","date_gmt":"2017-09-20T15:52:57","guid":{"rendered":"http:\/\/compack.it\/catalogo\/plus-line\/"},"modified":"2017-10-26T14:34:55","modified_gmt":"2017-10-26T12:34:55","slug":"plus-line","status":"publish","type":"page","link":"https:\/\/www.compack.it\/pt-pt\/catalogo\/plus-line\/","title":{"rendered":"PLUS line"},"content":{"rendered":"<div class=\"wpb-content-wrapper\"><p>[vc_row][vc_column width=&#8221;1\/3&#8243;]<div class=\"dt-fancy-separator title-left h1-size\" style=\"width: 100%;\"><div class=\"dt-fancy-title\" style=\"color: #f47957;\"><span class=\"separator-holder separator-left\"><\/span>PLUS line<span class=\"separator-holder separator-right\"><\/span><\/div><\/div>[\/vc_column][vc_column width=&#8221;2\/3&#8243;][vc_column_text]Os modelos da linha <strong>PLUS <\/strong>est\u00e3o equipados com um\u00a0<strong>amaciador autom\u00e1tico<\/strong>\u00a0que oferece a possibilidade de dissolver as forma\u00e7\u00f5es de calc\u00e1rio com extrema efic\u00e1cia. O amaciador \u00e9, na verdade, completamente\u00a0<strong>aut\u00f3nomo<\/strong>\u00a0e regula automaticamente os seus intervalos de regenera\u00e7\u00e3o em base \u00e0 dureza da \u00e1gua em entrada; o utilizador tem apenas a fun\u00e7\u00e3o de encher o reservat\u00f3rio de sal sempre que aparecer a mensagem de\u201cfalta sal\u201d no ecr\u00e3. A regenera\u00e7\u00e3o das resinas \u00e9 feita atrav\u00e9s dos ciclos de lavagem, portanto n\u00e3o \u00e9 necess\u00e1ria qualquer paragem de m\u00e1quina.[\/vc_column_text][\/vc_column][\/vc_row]<\/p>\n<\/div>","protected":false},"excerpt":{"rendered":"<p>[vc_row][vc_column width=&#8221;1\/3&#8243;][\/vc_column][vc_column width=&#8221;2\/3&#8243;][vc_column_text]Os modelos da linha PLUS est\u00e3o equipados com um\u00a0amaciador autom\u00e1tico\u00a0que oferece a possibilidade de dissolver as forma\u00e7\u00f5es de calc\u00e1rio com extrema efic\u00e1cia. O amaciador \u00e9, na verdade, completamente\u00a0aut\u00f3nomo\u00a0e regula automaticamente os seus intervalos de regenera\u00e7\u00e3o em base \u00e0 dureza da \u00e1gua em entrada; o utilizador tem apenas a fun\u00e7\u00e3o de encher o reservat\u00f3rio&hellip;<\/p>\n","protected":false},"author":1,"featured_media":0,"parent":963,"menu_order":0,"comment_status":"closed","ping_status":"closed","template":"tax-linea.php","meta":{"_acf_changed":false,"footnotes":""},"class_list":["post-1024","page","type-page","status-publish","hentry","description-off"],"acf":[],"_links":{"self":[{"href":"https:\/\/www.compack.it\/pt-pt\/wp-json\/wp\/v2\/pages\/1024","targetHints":{"allow":["GET"]}}],"collection":[{"href":"https:\/\/www.compack.it\/pt-pt\/wp-json\/wp\/v2\/pages"}],"about":[{"href":"https:\/\/www.compack.it\/pt-pt\/wp-json\/wp\/v2\/types\/page"}],"author":[{"embeddable":true,"href":"https:\/\/www.compack.it\/pt-pt\/wp-json\/wp\/v2\/users\/1"}],"replies":[{"embeddable":true,"href":"https:\/\/www.compack.it\/pt-pt\/wp-json\/wp\/v2\/comments?post=1024"}],"version-history":[{"count":1,"href":"https:\/\/www.compack.it\/pt-pt\/wp-json\/wp\/v2\/pages\/1024\/revisions"}],"predecessor-version":[{"id":1025,"href":"https:\/\/www.compack.it\/pt-pt\/wp-json\/wp\/v2\/pages\/1024\/revisions\/1025"}],"up":[{"embeddable":true,"href":"https:\/\/www.compack.it\/pt-pt\/wp-json\/wp\/v2\/pages\/963"}],"wp:attachment":[{"href":"https:\/\/www.compack.it\/pt-pt\/wp-json\/wp\/v2\/media?parent=1024"}],"curies":[{"name":"wp","href":"https:\/\/api.w.org\/{rel}","templated":true}]}}