	{"id":1002,"date":"2017-09-20T17:52:57","date_gmt":"2017-09-20T15:52:57","guid":{"rendered":"http:\/\/compack.it\/catalogo\/smart-line\/"},"modified":"2017-10-25T17:41:55","modified_gmt":"2017-10-25T15:41:55","slug":"smart-line","status":"publish","type":"page","link":"https:\/\/www.compack.it\/pt-pt\/catalogo\/smart-line\/","title":{"rendered":"SMART line"},"content":{"rendered":"<div class=\"wpb-content-wrapper\"><p>[vc_row][vc_column width=&#8221;1\/3&#8243;]<div class=\"dt-fancy-separator title-left h1-size\" style=\"width: 100%;\"><div class=\"dt-fancy-title\" style=\"color: #d4e251;\"><span class=\"separator-holder separator-left\"><\/span>Smart Line<span class=\"separator-holder separator-right\"><\/span><\/div><\/div>[\/vc_column][vc_column width=&#8221;2\/3&#8243;][vc_column_text]As m\u00e1quinas de lavar lou\u00e7a da linha <strong>SMART <\/strong>garantem o m\u00e1ximo desempenho gra\u00e7as ao\u00a0<em><strong>Acquatech System<\/strong><\/em>\u00a0\u00a0<strong>instalado de s\u00e9rie que, atrav\u00e9s de uma caldeira atmosf\u00e9rica e uma bomba de enxaguamento, mant\u00e9m<\/strong>\u00a0a temperatura e a press\u00e3o sempre constantes e consumos de \u00e1gua ideais. Smart garante um ciclo de\u00a0<strong>enxaguamento sanitizante<\/strong>\u00a0e demonstra-se a escolha perfeita para refeit\u00f3rios, casas de repouso, pastelarias, padarias e talhos, onde \u00e9 fundamental respeitar as regras HACCP. Para quem procura a perfei\u00e7\u00e3o do copo \u00e9 poss\u00edvel ligar um Sistema de Osmose Inversa que purifica a \u00e1gua e reduz os consumos de detergente e abrilhantador, garantindo\u00a0<strong>resultados excelentes e copos perfeitos sem a necessidade de secagem manual<\/strong>.[\/vc_column_text][\/vc_column][\/vc_row]<\/p>\n<\/div>","protected":false},"excerpt":{"rendered":"<p>[vc_row][vc_column width=&#8221;1\/3&#8243;][\/vc_column][vc_column width=&#8221;2\/3&#8243;][vc_column_text]As m\u00e1quinas de lavar lou\u00e7a da linha SMART garantem o m\u00e1ximo desempenho gra\u00e7as ao\u00a0Acquatech System\u00a0\u00a0instalado de s\u00e9rie que, atrav\u00e9s de uma caldeira atmosf\u00e9rica e uma bomba de enxaguamento, mant\u00e9m\u00a0a temperatura e a press\u00e3o sempre constantes e consumos de \u00e1gua ideais. Smart garante um ciclo de\u00a0enxaguamento sanitizante\u00a0e demonstra-se a escolha perfeita para refeit\u00f3rios, casas&hellip;<\/p>\n","protected":false},"author":1,"featured_media":0,"parent":963,"menu_order":0,"comment_status":"closed","ping_status":"closed","template":"tax-linea.php","meta":{"_acf_changed":false,"footnotes":""},"class_list":["post-1002","page","type-page","status-publish","hentry","description-off"],"acf":[],"_links":{"self":[{"href":"https:\/\/www.compack.it\/pt-pt\/wp-json\/wp\/v2\/pages\/1002","targetHints":{"allow":["GET"]}}],"collection":[{"href":"https:\/\/www.compack.it\/pt-pt\/wp-json\/wp\/v2\/pages"}],"about":[{"href":"https:\/\/www.compack.it\/pt-pt\/wp-json\/wp\/v2\/types\/page"}],"author":[{"embeddable":true,"href":"https:\/\/www.compack.it\/pt-pt\/wp-json\/wp\/v2\/users\/1"}],"replies":[{"embeddable":true,"href":"https:\/\/www.compack.it\/pt-pt\/wp-json\/wp\/v2\/comments?post=1002"}],"version-history":[{"count":2,"href":"https:\/\/www.compack.it\/pt-pt\/wp-json\/wp\/v2\/pages\/1002\/revisions"}],"predecessor-version":[{"id":1004,"href":"https:\/\/www.compack.it\/pt-pt\/wp-json\/wp\/v2\/pages\/1002\/revisions\/1004"}],"up":[{"embeddable":true,"href":"https:\/\/www.compack.it\/pt-pt\/wp-json\/wp\/v2\/pages\/963"}],"wp:attachment":[{"href":"https:\/\/www.compack.it\/pt-pt\/wp-json\/wp\/v2\/media?parent=1002"}],"curies":[{"name":"wp","href":"https:\/\/api.w.org\/{rel}","templated":true}]}}