	{"id":996,"date":"2017-09-20T17:52:57","date_gmt":"2017-09-20T15:52:57","guid":{"rendered":"http:\/\/compack.it\/catalogue\/smart-line\/"},"modified":"2017-10-25T17:18:45","modified_gmt":"2017-10-25T15:18:45","slug":"smart-line","status":"publish","type":"page","link":"https:\/\/www.compack.it\/fr\/catalogue\/smart-line\/","title":{"rendered":"SMART line"},"content":{"rendered":"<div class=\"wpb-content-wrapper\"><p>[vc_row][vc_column width=\u00a0\u00bb1\/3&Prime;]<div class=\"dt-fancy-separator title-left h1-size\" style=\"width: 100%;\"><div class=\"dt-fancy-title\" style=\"color: #d4e251;\"><span class=\"separator-holder separator-left\"><\/span>Smart Line<span class=\"separator-holder separator-right\"><\/span><\/div><\/div>[\/vc_column][vc_column width=\u00a0\u00bb2\/3&Prime;][vc_column_text]Les lave-vaisselle de la ligne <strong>SMART<\/strong> garantissent d\u2019excellentes prestations, avec son\u00a0<em><strong>Acquatech System<\/strong><\/em>\u00a0, gr\u00e2ce \u00e0 l\u2019installation de s\u00e9rie d\u2019un syst\u00e8me moyennant un surchauffeur atmosph\u00e9rique \u00ab\u00a0BREAK-TANK\u00a0\u00bb et une pompe de rin\u00e7age, qui permet de maintenir\u00a0<strong>une temp\u00e9rature et une pression toujours constantes<\/strong>, et des consommations d\u2019eau r\u00e9duites. Smart assure un cycle de\u00a0<strong>rin\u00e7age assainissant<\/strong>, repr\u00e9sentant le choix parfait pour les cantines, maisons de retraite, p\u00e2tisseries, boulangeries et boucheries, o\u00f9 le respect des r\u00e8gles HACCP est fondamental. Pour ceux \u00e0 la recherche de verres parfaits, il est possible de connecter un\u00a0<strong>Syst\u00e8me \u00e0 Osmose Inverse<\/strong>\u00a0qui purifie l\u2019eau en r\u00e9duisant la consommation de d\u00e9tergent et de produit de brillance, tout en assurant d\u2019excellents r\u00e9sultats, sans besoin de s\u00e9chage manuel.[\/vc_column_text][\/vc_column][\/vc_row]<\/p>\n<\/div>","protected":false},"excerpt":{"rendered":"<p>[vc_row][vc_column width=\u00a0\u00bb1\/3&Prime;][\/vc_column][vc_column width=\u00a0\u00bb2\/3&Prime;][vc_column_text]Les lave-vaisselle de la ligne SMART garantissent d\u2019excellentes prestations, avec son\u00a0Acquatech System\u00a0, gr\u00e2ce \u00e0 l\u2019installation de s\u00e9rie d\u2019un syst\u00e8me moyennant un surchauffeur atmosph\u00e9rique \u00ab\u00a0BREAK-TANK\u00a0\u00bb et une pompe de rin\u00e7age, qui permet de maintenir\u00a0une temp\u00e9rature et une pression toujours constantes, et des consommations d\u2019eau r\u00e9duites. Smart assure un cycle de\u00a0rin\u00e7age assainissant, repr\u00e9sentant le choix&hellip;<\/p>\n","protected":false},"author":1,"featured_media":0,"parent":956,"menu_order":0,"comment_status":"closed","ping_status":"closed","template":"tax-linea.php","meta":{"_acf_changed":false,"footnotes":""},"class_list":["post-996","page","type-page","status-publish","hentry","description-off"],"acf":[],"_links":{"self":[{"href":"https:\/\/www.compack.it\/fr\/wp-json\/wp\/v2\/pages\/996","targetHints":{"allow":["GET"]}}],"collection":[{"href":"https:\/\/www.compack.it\/fr\/wp-json\/wp\/v2\/pages"}],"about":[{"href":"https:\/\/www.compack.it\/fr\/wp-json\/wp\/v2\/types\/page"}],"author":[{"embeddable":true,"href":"https:\/\/www.compack.it\/fr\/wp-json\/wp\/v2\/users\/1"}],"replies":[{"embeddable":true,"href":"https:\/\/www.compack.it\/fr\/wp-json\/wp\/v2\/comments?post=996"}],"version-history":[{"count":1,"href":"https:\/\/www.compack.it\/fr\/wp-json\/wp\/v2\/pages\/996\/revisions"}],"predecessor-version":[{"id":997,"href":"https:\/\/www.compack.it\/fr\/wp-json\/wp\/v2\/pages\/996\/revisions\/997"}],"up":[{"embeddable":true,"href":"https:\/\/www.compack.it\/fr\/wp-json\/wp\/v2\/pages\/956"}],"wp:attachment":[{"href":"https:\/\/www.compack.it\/fr\/wp-json\/wp\/v2\/media?parent=996"}],"curies":[{"name":"wp","href":"https:\/\/api.w.org\/{rel}","templated":true}]}}