	{"id":783,"date":"2017-09-27T18:16:44","date_gmt":"2017-09-27T16:16:44","guid":{"rendered":"http:\/\/demowp001.stamyna.com\/compack\/documentation\/mini-brochure\/"},"modified":"2020-11-16T09:07:14","modified_gmt":"2020-11-16T08:07:14","slug":"mini-brochure","status":"publish","type":"page","link":"https:\/\/www.compack.it\/fr\/documentation\/mini-brochure\/","title":{"rendered":"Catalogue Produits"},"content":{"rendered":"Vous devez \u00eatre connect\u00e9 pour voir ce contenu.","protected":false},"excerpt":{"rendered":"Vous devez \u00eatre connect\u00e9 pour voir ce contenu.","protected":false},"author":1,"featured_media":0,"parent":485,"menu_order":0,"comment_status":"closed","ping_status":"closed","template":"page-template-documentazione.php","meta":{"_acf_changed":false,"footnotes":""},"class_list":["post-783","page","type-page","status-publish","hentry","description-off"],"acf":[],"_links":{"self":[{"href":"https:\/\/www.compack.it\/fr\/wp-json\/wp\/v2\/pages\/783","targetHints":{"allow":["GET"]}}],"collection":[{"href":"https:\/\/www.compack.it\/fr\/wp-json\/wp\/v2\/pages"}],"about":[{"href":"https:\/\/www.compack.it\/fr\/wp-json\/wp\/v2\/types\/page"}],"author":[{"embeddable":true,"href":"https:\/\/www.compack.it\/fr\/wp-json\/wp\/v2\/users\/1"}],"replies":[{"embeddable":true,"href":"https:\/\/www.compack.it\/fr\/wp-json\/wp\/v2\/comments?post=783"}],"version-history":[{"count":3,"href":"https:\/\/www.compack.it\/fr\/wp-json\/wp\/v2\/pages\/783\/revisions"}],"predecessor-version":[{"id":5731,"href":"https:\/\/www.compack.it\/fr\/wp-json\/wp\/v2\/pages\/783\/revisions\/5731"}],"up":[{"embeddable":true,"href":"https:\/\/www.compack.it\/fr\/wp-json\/wp\/v2\/pages\/485"}],"wp:attachment":[{"href":"https:\/\/www.compack.it\/fr\/wp-json\/wp\/v2\/media?parent=783"}],"curies":[{"name":"wp","href":"https:\/\/api.w.org\/{rel}","templated":true}]}}