	{"id":731,"date":"2017-09-27T17:34:17","date_gmt":"2017-09-27T15:34:17","guid":{"rendered":"http:\/\/demowp001.stamyna.com\/compack\/documentation\/price-list\/"},"modified":"2024-09-05T09:12:55","modified_gmt":"2024-09-05T07:12:55","slug":"listino-prezzi","status":"publish","type":"page","link":"https:\/\/www.compack.it\/fr\/documentation\/listino-prezzi\/","title":{"rendered":"Tarif Public"},"content":{"rendered":"Vous devez \u00eatre connect\u00e9 pour voir ce contenu.","protected":false},"excerpt":{"rendered":"Vous devez \u00eatre connect\u00e9 pour voir ce contenu.","protected":false},"author":1,"featured_media":0,"parent":485,"menu_order":0,"comment_status":"closed","ping_status":"closed","template":"page-template-documentazione.php","meta":{"_acf_changed":false,"footnotes":""},"class_list":["post-731","page","type-page","status-publish","hentry","description-off"],"acf":[],"_links":{"self":[{"href":"https:\/\/www.compack.it\/fr\/wp-json\/wp\/v2\/pages\/731","targetHints":{"allow":["GET"]}}],"collection":[{"href":"https:\/\/www.compack.it\/fr\/wp-json\/wp\/v2\/pages"}],"about":[{"href":"https:\/\/www.compack.it\/fr\/wp-json\/wp\/v2\/types\/page"}],"author":[{"embeddable":true,"href":"https:\/\/www.compack.it\/fr\/wp-json\/wp\/v2\/users\/1"}],"replies":[{"embeddable":true,"href":"https:\/\/www.compack.it\/fr\/wp-json\/wp\/v2\/comments?post=731"}],"version-history":[{"count":15,"href":"https:\/\/www.compack.it\/fr\/wp-json\/wp\/v2\/pages\/731\/revisions"}],"predecessor-version":[{"id":10804,"href":"https:\/\/www.compack.it\/fr\/wp-json\/wp\/v2\/pages\/731\/revisions\/10804"}],"up":[{"embeddable":true,"href":"https:\/\/www.compack.it\/fr\/wp-json\/wp\/v2\/pages\/485"}],"wp:attachment":[{"href":"https:\/\/www.compack.it\/fr\/wp-json\/wp\/v2\/media?parent=731"}],"curies":[{"name":"wp","href":"https:\/\/api.w.org\/{rel}","templated":true}]}}