	{"id":428,"date":"2017-09-27T10:52:08","date_gmt":"2017-09-27T08:52:08","guid":{"rendered":"http:\/\/demowp001.stamyna.com\/compack\/corporate\/"},"modified":"2024-07-24T11:48:20","modified_gmt":"2024-07-24T09:48:20","slug":"corporate","status":"publish","type":"page","link":"https:\/\/www.compack.it\/fr\/corporate\/","title":{"rendered":"Corporate"},"content":{"rendered":"<div class=\"wpb-content-wrapper\"><p>[vc_row][vc_column]<div class=\"dt-fancy-separator title-left h2-size style-disabled\" style=\"width: 100%;\"><div class=\"dt-fancy-title\" style=\"color: #004e9c;\"><span class=\"separator-holder separator-left\"><\/span>Corporate<span class=\"separator-holder separator-right\"><\/span><\/div><\/div><div class=\"ult-spacer spacer-6a092700afe7a\" data-id=\"6a092700afe7a\" data-height=\"40\" data-height-mobile=\"20\" data-height-tab=\"40\" data-height-tab-portrait=\"40\" data-height-mobile-landscape=\"20\" style=\"clear:both;display:block;\"><\/div>[\/vc_column][\/vc_row][vc_row][vc_column][vc_column_text]<\/p>\n<h3><span class=\"grande\">Identit\u00e9<\/span><\/h3>\n<p>Style, innovation, avant-garde. Compack a r\u00e9ussi \u00e0 combiner les traits distinctifs du Made in Italy avec les besoins des protagonistes du monde de la restauration et du food&amp;drink, en cr\u00e9ant des machines professionnelles de premi\u00e8re qualit\u00e9, imbattables non seulement au niveau de la technologie mais aussi pour le rapport qualit\u00e9-prix. [\/vc_column_text][\/vc_column][\/vc_row][vc_row][vc_column width=\u00a0\u00bb1\/2&Prime;][vc_column_text]<br \/>\nUne marque compl\u00e8tement italienne jeune et r\u00e9ceptive qui a r\u00e9ussi \u00e0 interpr\u00e9ter les stimuli provenant du march\u00e9 international, en rassemblant les indications les plus importantes et en r\u00e9pondant avec ses produits aux exigences techniques et aux besoins de fiabilit\u00e9, le tout sans sacrifier son objectif: fournir des produits 100% italiens \u00e0 partir de la conception \u00e0 la s\u00e9lection des mati\u00e8res premi\u00e8res jusqu&rsquo;\u00e0 la production \u00e0 grande \u00e9chelle.<\/p>\n<p>Une \u00e9quipe de professionnels qui regarde vers l&rsquo;avenir comme un d\u00e9fi \u00e0 relever, plein d&rsquo;attentes et d&rsquo;opportunit\u00e9s: pour cette raison on travaille tr\u00e8s attentivement et l&rsquo;on utilse beaucoup de ressources et d&rsquo;\u00e9nergies dans les divisions Design et Recherche&amp;D\u00e9veloppement, une strat\u00e9gie qui permet d&rsquo;atteindre dans un court temps le succ\u00e8s actuel et l&rsquo;affirmation sur le march\u00e9.<\/p>\n<p>Un nombre toujours croissant d&rsquo;activit\u00e9s ont d\u00e9cid\u00e9 de s&rsquo;appuyer sur Compack pour leurs syst\u00e8mes de lavage: choisissez les meilleures solutions pour votre entreprise, choisissez Compack comme alli\u00e9 dans votre r\u00e9ussite![\/vc_column_text][\/vc_column][vc_column width=\u00a0\u00bb1\/2&Prime;][vc_single_image image=\u00a0\u00bb10635&Prime; img_size=\u00a0\u00bbfull\u00a0\u00bb alignment=\u00a0\u00bbcenter\u00a0\u00bb css=\u00a0\u00bb\u00a0\u00bb][\/vc_column][\/vc_row]<\/p>\n<\/div>","protected":false},"excerpt":{"rendered":"<p>[vc_row][vc_column][\/vc_column][\/vc_row][vc_row][vc_column][vc_column_text] Identit\u00e9 Style, innovation, avant-garde. Compack a r\u00e9ussi \u00e0 combiner les traits distinctifs du Made in Italy avec les besoins des protagonistes du monde de la restauration et du food&amp;drink, en cr\u00e9ant des machines professionnelles de premi\u00e8re qualit\u00e9, imbattables non seulement au niveau de la technologie mais aussi pour le rapport qualit\u00e9-prix. [\/vc_column_text][\/vc_column][\/vc_row][vc_row][vc_column width=\u00a0\u00bb1\/2&Prime;][vc_column_text] Une&hellip;<\/p>\n","protected":false},"author":1,"featured_media":0,"parent":0,"menu_order":0,"comment_status":"closed","ping_status":"closed","template":"","meta":{"_acf_changed":false,"footnotes":""},"class_list":["post-428","page","type-page","status-publish","hentry","description-off"],"acf":[],"_links":{"self":[{"href":"https:\/\/www.compack.it\/fr\/wp-json\/wp\/v2\/pages\/428","targetHints":{"allow":["GET"]}}],"collection":[{"href":"https:\/\/www.compack.it\/fr\/wp-json\/wp\/v2\/pages"}],"about":[{"href":"https:\/\/www.compack.it\/fr\/wp-json\/wp\/v2\/types\/page"}],"author":[{"embeddable":true,"href":"https:\/\/www.compack.it\/fr\/wp-json\/wp\/v2\/users\/1"}],"replies":[{"embeddable":true,"href":"https:\/\/www.compack.it\/fr\/wp-json\/wp\/v2\/comments?post=428"}],"version-history":[{"count":5,"href":"https:\/\/www.compack.it\/fr\/wp-json\/wp\/v2\/pages\/428\/revisions"}],"predecessor-version":[{"id":10650,"href":"https:\/\/www.compack.it\/fr\/wp-json\/wp\/v2\/pages\/428\/revisions\/10650"}],"wp:attachment":[{"href":"https:\/\/www.compack.it\/fr\/wp-json\/wp\/v2\/media?parent=428"}],"curies":[{"name":"wp","href":"https:\/\/api.w.org\/{rel}","templated":true}]}}