	{"id":387,"date":"2017-09-26T11:11:06","date_gmt":"2017-09-26T09:11:06","guid":{"rendered":"http:\/\/demowp001.stamyna.com\/compack\/?page_id=387\/"},"modified":"2017-09-26T11:11:06","modified_gmt":"2017-09-26T09:11:06","slug":"user","status":"publish","type":"page","link":"https:\/\/www.compack.it\/fr\/user\/","title":{"rendered":"User"},"content":{"rendered":"<div class=\"wpb-content-wrapper\"><p>[vc_row][vc_column][vc_column_text]En entrant dans le site COMPACK en tant qu\u2019utilisateur enregistr\u00e9, il sera possible de\u00a0:<\/p>\n<p>&#8211; Afficher les prix des produits et des composants<br \/>\n&#8211; T\u00e9l\u00e9charger en version imprimable les fiches de montage, les fiches de certification et les fiches techniques.<br \/>\n&#8211; Recevoir les mises \u00e0 jour sur les produits.<\/p>\n<p>COMPACK garantit la confidentialit\u00e9 maximale et le respect de la r\u00e9glementation sur la Vie priv\u00e9e (loi 196\/03), les donn\u00e9es personnelles seront exclusivement utilis\u00e9es pour nous permettre de fournir le service et ne seront pas communiqu\u00e9es \u00e0 de tierces personnes. Pour plus d&rsquo;informations sur la loi qui prot\u00e8ge les droits en relation au traitement des informations personnelles, nous vous conseillons de consulter la page PRIVACY[\/vc_column_text][\/vc_column][\/vc_row][vc_row][vc_column width=\u00a0\u00bb2\/3&Prime;][vc_column_text]<\/p>\n<p style=\"text-align: left;\"><div id=\"wpmem_login\"><a id=\"login\"><\/a><form action=\"https:\/\/www.compack.it\/fr\/user\/\" method=\"POST\" id=\"wpmem_login_form\" class=\"form\"><input type=\"hidden\" id=\"_wpmem_login_nonce\" name=\"_wpmem_login_nonce\" value=\"b4f2d0f5d2\" \/><input type=\"hidden\" name=\"_wp_http_referer\" value=\"\/fr\/wp-json\/wp\/v2\/pages\/387\" \/><fieldset><legend>Connexion pour les utilisateurs enregistr\u00e9s<\/legend><label for=\"log\">Email (Use your mission email address if applicable)<\/label><div class=\"div_text\"><input name=\"log\" type=\"text\" id=\"log\" value=\"\" class=\"username\" required  \/><\/div><label for=\"pwd\">Mot de passe<\/label><div class=\"div_text\"><input name=\"pwd\" type=\"password\" id=\"pwd\" class=\"password\" required  \/><\/div><input name=\"a\" type=\"hidden\" value=\"login\" \/><input name=\"redirect_to\" type=\"hidden\" value=\"https:\/\/www.compack.it\/fr\/user\/\" \/><div class=\"button_div\"><input name=\"rememberme\" type=\"checkbox\" id=\"rememberme\" value=\"forever\" \/>&nbsp;<label for=\"rememberme\">Se souvenir de moi<\/label>&nbsp;&nbsp;<input type=\"submit\" name=\"Submit\" value=\"Connexion\" class=\"buttons\" \/><\/div><div class=\"link-text\"><span class=\"link-text-forgot\">Mot de passe oubli\u00e9\u00a0?&nbsp;<a href=\"https:\/\/www.compack.it\/fr\/user\/?a=pwdreset\">Cliquez ici pour r\u00e9initialiser<\/a><\/span><\/div><div class=\"link-text\"><span class=\"link-text-register\">Nouvel utilisateur\u00a0?&nbsp;<a href=\"https:\/\/www.compack.it\/fr\/user\/\">Cliquez ici pour vous inscrire<\/a><\/span><\/div><\/fieldset><\/form><\/div><div id=\"wpmem_reg\"><a id=\"register\"><\/a><form name=\"form\" method=\"post\" action=\"https:\/\/www.compack.it\/fr\/user\/\" id=\"wpmem_register_form\" class=\"form\"><input type=\"hidden\" id=\"_wpmem_register_nonce\" name=\"_wpmem_register_nonce\" value=\"9c7e8e3f8a\" \/><input type=\"hidden\" name=\"_wp_http_referer\" value=\"\/fr\/wp-json\/wp\/v2\/pages\/387\" \/><fieldset><legend>Nouvel utilisateur\u00a0?<\/legend><label for=\"user_email\" class=\"text\">Courriel<span class=\"req\">*<\/span><\/label><div class=\"div_text\"><input name=\"user_email\" type=\"email\" id=\"user_email\" value=\"\" class=\"textbox\" required  \/><\/div><label for=\"confirm_email\" class=\"text\">R\u00e9p\u00e9ter l&#039;email<span class=\"req\">*<\/span><\/label><div class=\"div_text\"><input name=\"confirm_email\" type=\"email\" id=\"confirm_email\" value=\"\" class=\"textbox\" required  \/><\/div><label for=\"password\" class=\"text\">Mot de passe<span class=\"req\">*<\/span><\/label><div class=\"div_text\"><input name=\"password\" type=\"password\" id=\"password\" class=\"textbox\" required  \/><\/div><label for=\"confirm_password\" class=\"text\">Confirmer le mot de passe<span class=\"req\">*<\/span><\/label><div class=\"div_text\"><input name=\"confirm_password\" type=\"password\" id=\"confirm_password\" class=\"textbox\" required  \/><\/div><label for=\"first_name\" class=\"text\">Pr\u00e9nom<span class=\"req\">*<\/span><\/label><div class=\"div_text\"><input name=\"first_name\" type=\"text\" id=\"first_name\" value=\"\" class=\"textbox\" required  \/><\/div><label for=\"last_name\" class=\"text\">Nom<span class=\"req\">*<\/span><\/label><div class=\"div_text\"><input name=\"last_name\" type=\"text\" id=\"last_name\" value=\"\" class=\"textbox\" required  \/><\/div><label for=\"azienda\" class=\"text\">Raison sociale<span class=\"req\">*<\/span><\/label><div class=\"div_text\"><input name=\"azienda\" type=\"text\" id=\"azienda\" value=\"\" class=\"textbox\" required  \/><\/div><label for=\"partita_iva\" class=\"text\">Num\u00e9ro d&#039;identification TVA<\/label><div class=\"div_text\"><input name=\"partita_iva\" type=\"text\" id=\"partita_iva\" value=\"\" class=\"textbox\" \/><\/div><label for=\"indirizzo\" class=\"text\">Adresse<span class=\"req\">*<\/span><\/label><div class=\"div_text\"><input name=\"indirizzo\" type=\"text\" id=\"indirizzo\" value=\"\" class=\"textbox\" required  \/><\/div><label for=\"cap\" class=\"text\">CAP<\/label><div class=\"div_text\"><input name=\"cap\" type=\"text\" id=\"cap\" value=\"\" class=\"textbox\" \/><\/div><label for=\"citta\" class=\"text\">Ville<span class=\"req\">*<\/span><\/label><div class=\"div_text\"><input name=\"citta\" type=\"text\" id=\"citta\" value=\"\" class=\"textbox\" required  \/><\/div><label for=\"provincia\" class=\"text\">Nation<span class=\"req\">*<\/span><\/label><div class=\"div_text\"><input name=\"provincia\" type=\"text\" id=\"provincia\" value=\"\" class=\"textbox\" required  \/><\/div><label for=\"nazione\" class=\"text\">Nation<span class=\"req\">*<\/span><\/label><div class=\"div_text\"><input name=\"nazione\" type=\"text\" id=\"nazione\" value=\"\" class=\"textbox\" required  \/><\/div><label for=\"telefono\" class=\"text\">T\u00e9l\u00e9phone<span class=\"req\">*<\/span><\/label><div class=\"div_text\"><input name=\"telefono\" type=\"text\" id=\"telefono\" value=\"\" class=\"textbox\" required  \/><\/div><label for=\"cellulare\" class=\"text\">T\u00e9l\u00e9phone portable<\/label><div class=\"div_text\"><input name=\"cellulare\" type=\"text\" id=\"cellulare\" value=\"\" class=\"textbox\" \/><\/div><label for=\"fax\" class=\"text\">Fax<\/label><div class=\"div_text\"><input name=\"fax\" type=\"text\" id=\"fax\" value=\"\" class=\"textbox\" \/><\/div><label for=\"user_url\" class=\"text\">Site web<\/label><div class=\"div_text\"><input name=\"user_url\" type=\"url\" id=\"user_url\" value=\"\" class=\"textbox\" \/><\/div><label for=\"consenso_marketing\" class=\"checkbox\">Presto il consenso al trattamento dei miei dati personali per l\u2019invio di newsletter e materiale informativo e\/o pubblicitario anche tramite modalit\u00e0 automatizzate<\/label><div class=\"div_checkbox\"><input name=\"consenso_marketing\" type=\"checkbox\" id=\"consenso_marketing\" value=\"si\" \/><\/div><label for=\"consenso_profilazione\" class=\"checkbox\">Desidero ricevere comunicazioni di marketing personalizzate<\/label><div class=\"div_checkbox\"><input name=\"consenso_profilazione\" type=\"checkbox\" id=\"consenso_profilazione\" value=\"si\" \/><\/div><label for=\"privacy_policy\" class=\"checkbox\">I accept privacy policies about my personal data<span class=\"req\">*<\/span><\/label><div class=\"div_checkbox\"><input name=\"privacy_policy\" type=\"checkbox\" id=\"privacy_policy\" value=\"si\" required  \/><\/div><label class=\"text\" for=\"captcha\">Entrez le code\u00a0:<\/label><div class=\"div_text\"><img loading=\"lazy\" decoding=\"async\" src=\"https:\/\/www.compack.it\/wp-content\/plugins\/really-simple-captcha\/tmp\/236615981.png\" alt=\"captcha\" width=\"72\" height=\"30\" \/><input id=\"captcha_prefix\" name=\"captcha_prefix\" type=\"hidden\" value=\"236615981\" \/><input id=\"captcha_code\" name=\"captcha_code\" size=\"5\" type=\"text\" class=\"textbox\" required \/><\/div><input name=\"a\" type=\"hidden\" value=\"register\" \/><input name=\"wpmem_reg_page\" type=\"hidden\" value=\"https:\/\/www.compack.it\/fr\/user\/\" \/><div class=\"button_div\"><input name=\"submit\" type=\"submit\" value=\"S\u2019inscrire\" class=\"buttons\" \/><\/div><div class=\"req-text\"><span class=\"req\">*<\/span>Champ requis<\/div><\/fieldset><\/form><\/div>\n<p style=\"text-align: left;\"><\/p>\n<p>[\/vc_column_text][vc_empty_space height=\u00a0\u00bb40px\u00a0\u00bb][\/vc_column][vc_column width=\u00a0\u00bb1\/3&Prime;][\/vc_column][\/vc_row][vc_row][vc_column][vc_empty_space height=\u00a0\u00bb40px\u00a0\u00bb][\/vc_column][\/vc_row]<\/p>\n<\/div>","protected":false},"excerpt":{"rendered":"<p>[vc_row][vc_column][vc_column_text]En entrant dans le site COMPACK en tant qu\u2019utilisateur enregistr\u00e9, il sera possible de\u00a0: &#8211; Afficher les prix des produits et des composants &#8211; T\u00e9l\u00e9charger en version imprimable les fiches de montage, les fiches de certification et les fiches techniques. &#8211; Recevoir les mises \u00e0 jour sur les produits. COMPACK garantit la confidentialit\u00e9 maximale et&hellip;<\/p>\n","protected":false},"author":1,"featured_media":0,"parent":0,"menu_order":0,"comment_status":"closed","ping_status":"closed","template":"","meta":{"_acf_changed":false,"footnotes":""},"class_list":["post-387","page","type-page","status-publish","hentry","description-off"],"acf":[],"_links":{"self":[{"href":"https:\/\/www.compack.it\/fr\/wp-json\/wp\/v2\/pages\/387","targetHints":{"allow":["GET"]}}],"collection":[{"href":"https:\/\/www.compack.it\/fr\/wp-json\/wp\/v2\/pages"}],"about":[{"href":"https:\/\/www.compack.it\/fr\/wp-json\/wp\/v2\/types\/page"}],"author":[{"embeddable":true,"href":"https:\/\/www.compack.it\/fr\/wp-json\/wp\/v2\/users\/1"}],"replies":[{"embeddable":true,"href":"https:\/\/www.compack.it\/fr\/wp-json\/wp\/v2\/comments?post=387"}],"version-history":[{"count":1,"href":"https:\/\/www.compack.it\/fr\/wp-json\/wp\/v2\/pages\/387\/revisions"}],"predecessor-version":[{"id":388,"href":"https:\/\/www.compack.it\/fr\/wp-json\/wp\/v2\/pages\/387\/revisions\/388"}],"wp:attachment":[{"href":"https:\/\/www.compack.it\/fr\/wp-json\/wp\/v2\/media?parent=387"}],"curies":[{"name":"wp","href":"https:\/\/api.w.org\/{rel}","templated":true}]}}