	{"id":3065,"date":"2017-09-27T16:16:57","date_gmt":"2017-09-27T14:16:57","guid":{"rendered":"https:\/\/www.compack.it\/?page_id=3065"},"modified":"2020-02-10T16:34:28","modified_gmt":"2020-02-10T15:34:28","slug":"manuel-technique-lave-vaisselle-digit","status":"publish","type":"page","link":"https:\/\/www.compack.it\/fr\/documentation\/manuel-technique-lave-vaisselle-digit\/","title":{"rendered":"Manuel technique lave-vaisselle DIGIT"},"content":{"rendered":"Vous devez \u00eatre connect\u00e9 pour voir ce contenu.","protected":false},"excerpt":{"rendered":"Vous devez \u00eatre connect\u00e9 pour voir ce contenu.","protected":false},"author":3,"featured_media":0,"parent":485,"menu_order":3,"comment_status":"closed","ping_status":"closed","template":"page-template-documentazione.php","meta":{"_acf_changed":false,"footnotes":""},"class_list":["post-3065","page","type-page","status-publish","hentry","description-off"],"acf":[],"_links":{"self":[{"href":"https:\/\/www.compack.it\/fr\/wp-json\/wp\/v2\/pages\/3065","targetHints":{"allow":["GET"]}}],"collection":[{"href":"https:\/\/www.compack.it\/fr\/wp-json\/wp\/v2\/pages"}],"about":[{"href":"https:\/\/www.compack.it\/fr\/wp-json\/wp\/v2\/types\/page"}],"author":[{"embeddable":true,"href":"https:\/\/www.compack.it\/fr\/wp-json\/wp\/v2\/users\/3"}],"replies":[{"embeddable":true,"href":"https:\/\/www.compack.it\/fr\/wp-json\/wp\/v2\/comments?post=3065"}],"version-history":[{"count":2,"href":"https:\/\/www.compack.it\/fr\/wp-json\/wp\/v2\/pages\/3065\/revisions"}],"predecessor-version":[{"id":3082,"href":"https:\/\/www.compack.it\/fr\/wp-json\/wp\/v2\/pages\/3065\/revisions\/3082"}],"up":[{"embeddable":true,"href":"https:\/\/www.compack.it\/fr\/wp-json\/wp\/v2\/pages\/485"}],"wp:attachment":[{"href":"https:\/\/www.compack.it\/fr\/wp-json\/wp\/v2\/media?parent=3065"}],"curies":[{"name":"wp","href":"https:\/\/api.w.org\/{rel}","templated":true}]}}