	{"id":1083,"date":"2017-09-20T17:52:57","date_gmt":"2017-09-20T15:52:57","guid":{"rendered":"http:\/\/compack.it\/catalogue\/tunnel-line\/"},"modified":"2017-10-26T16:39:13","modified_gmt":"2017-10-26T14:39:13","slug":"tunnel-line","status":"publish","type":"page","link":"https:\/\/www.compack.it\/fr\/catalogue\/tunnel-line\/","title":{"rendered":"TUNNEL line"},"content":{"rendered":"<div class=\"wpb-content-wrapper\"><p>[vc_row][vc_column width=\u00a0\u00bb1\/3&Prime;]<div class=\"dt-fancy-separator title-left h1-size\" style=\"width: 100%;\"><div class=\"dt-fancy-title\" style=\"color: #5dafe1;\"><span class=\"separator-holder separator-left\"><\/span>TUNNEL line<span class=\"separator-holder separator-right\"><\/span><\/div><\/div>[\/vc_column][vc_column width=\u00a0\u00bb2\/3&Prime;][vc_column_text]La ligne <strong>TUNNEL<\/strong> a \u00e9t\u00e9 \u00e9tudi\u00e9e en sorte de satisfaire les exigences de chaque client, gr\u00e2ce aux diff\u00e9rents accessoires installables, parvenant \u00e0 allier\u00a0<strong>de grandes charges de travail et en optimisant les espaces<\/strong>\u00a0\u00e0 disposition, en simplifiant le travail de l\u2019op\u00e9rateur et en r\u00e9duisant les consommations. Les mod\u00e8les de cette ligne sont dot\u00e9s d\u2019un\u00a0<strong>double syst\u00e8me de filtrage<\/strong>\u00a0qui retient tous les r\u00e9sidus\u00a0; les pompes de lavage verticales et les bras de lavage en acier inox, quant \u00e0 eux, garantissent\u00a0<strong>d\u2019excellentes prestations<\/strong>. Tunnel est en outre \u00e9quip\u00e9e de\u00a0<strong>portes contrebalanc\u00e9es avec double paroi<\/strong>\u00a0et syst\u00e8me anti-chute, et de\u00a0<strong>cuves moul\u00e9es et arrondies<\/strong>.[\/vc_column_text][\/vc_column][\/vc_row]<\/p>\n<\/div>","protected":false},"excerpt":{"rendered":"<p>[vc_row][vc_column width=\u00a0\u00bb1\/3&Prime;][\/vc_column][vc_column width=\u00a0\u00bb2\/3&Prime;][vc_column_text]La ligne TUNNEL a \u00e9t\u00e9 \u00e9tudi\u00e9e en sorte de satisfaire les exigences de chaque client, gr\u00e2ce aux diff\u00e9rents accessoires installables, parvenant \u00e0 allier\u00a0de grandes charges de travail et en optimisant les espaces\u00a0\u00e0 disposition, en simplifiant le travail de l\u2019op\u00e9rateur et en r\u00e9duisant les consommations. Les mod\u00e8les de cette ligne sont dot\u00e9s d\u2019un\u00a0double syst\u00e8me&hellip;<\/p>\n","protected":false},"author":1,"featured_media":0,"parent":956,"menu_order":0,"comment_status":"closed","ping_status":"closed","template":"tax-linea.php","meta":{"_acf_changed":false,"footnotes":""},"class_list":["post-1083","page","type-page","status-publish","hentry","description-off"],"acf":[],"_links":{"self":[{"href":"https:\/\/www.compack.it\/fr\/wp-json\/wp\/v2\/pages\/1083","targetHints":{"allow":["GET"]}}],"collection":[{"href":"https:\/\/www.compack.it\/fr\/wp-json\/wp\/v2\/pages"}],"about":[{"href":"https:\/\/www.compack.it\/fr\/wp-json\/wp\/v2\/types\/page"}],"author":[{"embeddable":true,"href":"https:\/\/www.compack.it\/fr\/wp-json\/wp\/v2\/users\/1"}],"replies":[{"embeddable":true,"href":"https:\/\/www.compack.it\/fr\/wp-json\/wp\/v2\/comments?post=1083"}],"version-history":[{"count":2,"href":"https:\/\/www.compack.it\/fr\/wp-json\/wp\/v2\/pages\/1083\/revisions"}],"predecessor-version":[{"id":1085,"href":"https:\/\/www.compack.it\/fr\/wp-json\/wp\/v2\/pages\/1083\/revisions\/1085"}],"up":[{"embeddable":true,"href":"https:\/\/www.compack.it\/fr\/wp-json\/wp\/v2\/pages\/956"}],"wp:attachment":[{"href":"https:\/\/www.compack.it\/fr\/wp-json\/wp\/v2\/media?parent=1083"}],"curies":[{"name":"wp","href":"https:\/\/api.w.org\/{rel}","templated":true}]}}