	{"id":1038,"date":"2017-09-20T17:52:57","date_gmt":"2017-09-20T15:52:57","guid":{"rendered":"http:\/\/compack.it\/catalogue\/exus-line\/"},"modified":"2017-10-26T15:19:27","modified_gmt":"2017-10-26T13:19:27","slug":"exus-line","status":"publish","type":"page","link":"https:\/\/www.compack.it\/fr\/catalogue\/exus-line\/","title":{"rendered":"EXUS line"},"content":{"rendered":"<div class=\"wpb-content-wrapper\"><p>[vc_row][vc_column width=\u00a0\u00bb1\/3&Prime;]<div class=\"dt-fancy-separator title-left h1-size\" style=\"width: 100%;\"><div class=\"dt-fancy-title\" style=\"color: #82c1b9;\"><span class=\"separator-holder separator-left\"><\/span>EXUS line<span class=\"separator-holder separator-right\"><\/span><\/div><\/div>[\/vc_column][vc_column width=\u00a0\u00bb2\/3&Prime;][vc_column_text]La ligne <strong>EXUS<\/strong> se distingue par sa vaste gamme de mod\u00e8les, adapt\u00e9s \u00e0 toutes les situations. Le syst\u00e8me de contr\u00f4le \u00e0 travers la carte \u00e9lectronique offre d\u2019importantes options de personnalisation, en fonction des besoins, permettant de r\u00e9gler avec pr\u00e9cision n\u2019importe quel param\u00e8tre et de garantir des r\u00e9sultats de lavage toujours optimaux.[\/vc_column_text][\/vc_column][\/vc_row]<\/p>\n<\/div>","protected":false},"excerpt":{"rendered":"<p>[vc_row][vc_column width=\u00a0\u00bb1\/3&Prime;][\/vc_column][vc_column width=\u00a0\u00bb2\/3&Prime;][vc_column_text]La ligne EXUS se distingue par sa vaste gamme de mod\u00e8les, adapt\u00e9s \u00e0 toutes les situations. Le syst\u00e8me de contr\u00f4le \u00e0 travers la carte \u00e9lectronique offre d\u2019importantes options de personnalisation, en fonction des besoins, permettant de r\u00e9gler avec pr\u00e9cision n\u2019importe quel param\u00e8tre et de garantir des r\u00e9sultats de lavage toujours optimaux.[\/vc_column_text][\/vc_column][\/vc_row]<\/p>\n","protected":false},"author":1,"featured_media":0,"parent":956,"menu_order":0,"comment_status":"closed","ping_status":"closed","template":"tax-linea.php","meta":{"_acf_changed":false,"footnotes":""},"class_list":["post-1038","page","type-page","status-publish","hentry","description-off"],"acf":[],"_links":{"self":[{"href":"https:\/\/www.compack.it\/fr\/wp-json\/wp\/v2\/pages\/1038","targetHints":{"allow":["GET"]}}],"collection":[{"href":"https:\/\/www.compack.it\/fr\/wp-json\/wp\/v2\/pages"}],"about":[{"href":"https:\/\/www.compack.it\/fr\/wp-json\/wp\/v2\/types\/page"}],"author":[{"embeddable":true,"href":"https:\/\/www.compack.it\/fr\/wp-json\/wp\/v2\/users\/1"}],"replies":[{"embeddable":true,"href":"https:\/\/www.compack.it\/fr\/wp-json\/wp\/v2\/comments?post=1038"}],"version-history":[{"count":1,"href":"https:\/\/www.compack.it\/fr\/wp-json\/wp\/v2\/pages\/1038\/revisions"}],"predecessor-version":[{"id":1039,"href":"https:\/\/www.compack.it\/fr\/wp-json\/wp\/v2\/pages\/1038\/revisions\/1039"}],"up":[{"embeddable":true,"href":"https:\/\/www.compack.it\/fr\/wp-json\/wp\/v2\/pages\/956"}],"wp:attachment":[{"href":"https:\/\/www.compack.it\/fr\/wp-json\/wp\/v2\/media?parent=1038"}],"curies":[{"name":"wp","href":"https:\/\/api.w.org\/{rel}","templated":true}]}}