	{"id":988,"date":"2017-09-20T17:52:57","date_gmt":"2017-09-20T15:52:57","guid":{"rendered":"http:\/\/compack.it\/catalogo\/lux-line\/"},"modified":"2017-12-13T20:00:57","modified_gmt":"2017-12-13T19:00:57","slug":"lux-line","status":"publish","type":"page","link":"https:\/\/www.compack.it\/es\/catalogo\/lux-line\/","title":{"rendered":"LUX line"},"content":{"rendered":"<div class=\"wpb-content-wrapper\"><p>[vc_row][vc_column width=\u00bb1\/3&#8243;]<div class=\"dt-fancy-separator title-left h1-size\" style=\"width: 100%;\"><div class=\"dt-fancy-title\" style=\"color: #ffd451;\"><span class=\"separator-holder separator-left\"><\/span>Lux line<span class=\"separator-holder separator-right\"><\/span><\/div><\/div>[\/vc_column][vc_column width=\u00bb2\/3&#8243;][vc_column_text]Los modelos de la l\u00ednea <strong>LUX<\/strong> son la m\u00e1xima expresi\u00f3n de la tecnolog\u00eda \u00abMade in Compack\u00bb, que ofrece un\u00a0<strong>recambio de agua limpia total o parcial en cada ciclo de lavado<\/strong>\u00a0para obtener una higiene y un brillo nunca antes vistos. Su funcionamiento es muy sencillo, de hecho, basta con quitar el tubo de rebose para cambiar de recambio parcial a total, teniendo siempre en cuenta el ahorro. Disponible con varios accesorios, desde la versi\u00f3n con descalcificador autom\u00e1tico a la versi\u00f3n con Acquatech System que garantiza temperatura y presi\u00f3n siempre constantes, la l\u00ednea Lux es la soluci\u00f3n\u00a0<strong>adecuada para los clientes m\u00e1s exigentes.<\/strong>[\/vc_column_text][\/vc_column][\/vc_row]<\/p>\n<\/div>","protected":false},"excerpt":{"rendered":"<p>[vc_row][vc_column width=\u00bb1\/3&#8243;][\/vc_column][vc_column width=\u00bb2\/3&#8243;][vc_column_text]Los modelos de la l\u00ednea LUX son la m\u00e1xima expresi\u00f3n de la tecnolog\u00eda \u00abMade in Compack\u00bb, que ofrece un\u00a0recambio de agua limpia total o parcial en cada ciclo de lavado\u00a0para obtener una higiene y un brillo nunca antes vistos. Su funcionamiento es muy sencillo, de hecho, basta con quitar el tubo de rebose&hellip;<\/p>\n","protected":false},"author":1,"featured_media":0,"parent":969,"menu_order":0,"comment_status":"closed","ping_status":"closed","template":"tax-linea.php","meta":{"_acf_changed":false,"footnotes":""},"class_list":["post-988","page","type-page","status-publish","hentry","description-off"],"acf":[],"_links":{"self":[{"href":"https:\/\/www.compack.it\/es\/wp-json\/wp\/v2\/pages\/988","targetHints":{"allow":["GET"]}}],"collection":[{"href":"https:\/\/www.compack.it\/es\/wp-json\/wp\/v2\/pages"}],"about":[{"href":"https:\/\/www.compack.it\/es\/wp-json\/wp\/v2\/types\/page"}],"author":[{"embeddable":true,"href":"https:\/\/www.compack.it\/es\/wp-json\/wp\/v2\/users\/1"}],"replies":[{"embeddable":true,"href":"https:\/\/www.compack.it\/es\/wp-json\/wp\/v2\/comments?post=988"}],"version-history":[{"count":2,"href":"https:\/\/www.compack.it\/es\/wp-json\/wp\/v2\/pages\/988\/revisions"}],"predecessor-version":[{"id":1212,"href":"https:\/\/www.compack.it\/es\/wp-json\/wp\/v2\/pages\/988\/revisions\/1212"}],"up":[{"embeddable":true,"href":"https:\/\/www.compack.it\/es\/wp-json\/wp\/v2\/pages\/969"}],"wp:attachment":[{"href":"https:\/\/www.compack.it\/es\/wp-json\/wp\/v2\/media?parent=988"}],"curies":[{"name":"wp","href":"https:\/\/api.w.org\/{rel}","templated":true}]}}