	{"id":11016,"date":"2024-10-09T15:21:16","date_gmt":"2024-10-09T13:21:16","guid":{"rendered":"https:\/\/www.compack.it\/privacy-policies\/"},"modified":"2025-03-10T09:15:06","modified_gmt":"2025-03-10T08:15:06","slug":"privacy-policies","status":"publish","type":"page","link":"https:\/\/www.compack.it\/es\/privacy-policies\/","title":{"rendered":"Privacy Policies"},"content":{"rendered":"<div class=\"wpb-content-wrapper\"><p>[vc_row][vc_column]<div class=\"ult-spacer spacer-6a0938d95112b\" data-id=\"6a0938d95112b\" data-height=\"40\" data-height-mobile=\"20\" data-height-tab=\"40\" data-height-tab-portrait=\"40\" data-height-mobile-landscape=\"20\" style=\"clear:both;display:block;\"><\/div><div class=\"dt-fancy-separator title-left h1-size style-disabled\" style=\"width: 100%;\"><div class=\"dt-fancy-title\" style=\"color: #004e9c;\"><span class=\"separator-holder separator-left\"><\/span>Privacy policies<span class=\"separator-holder separator-right\"><\/span><\/div><\/div><div class=\"ult-spacer spacer-6a0938d95117a\" data-id=\"6a0938d95117a\" data-height=\"40\" data-height-mobile=\"20\" data-height-tab=\"40\" data-height-tab-portrait=\"40\" data-height-mobile-landscape=\"20\" style=\"clear:both;display:block;\"><\/div>[vc_column_text css=\u00bb\u00bb]La protecci\u00f3n de los datos personales de nuestros usuarios es importante para nosotros. Queremos garantizarte transparencia y seguridad en la gesti\u00f3n de la informaci\u00f3n que compartes. En esta secci\u00f3n, encontrar\u00e1s toda la informaci\u00f3n sobre c\u00f3mo recopilamos, utilizamos y protegemos tus datos.[\/vc_column_text][\/vc_column][\/vc_row][vc_row][vc_column]<span id=\"creative-link-wrap-5581\" class=\"ult_main_cl ult-adjust-bottom-margin  \" >\n\t \t\t\t<span class=\"ult_cl_link_1  ult_crlink\" >\n\t\t\t\t\t<a  data-ultimate-target='#creative-link-wrap-5581 .ult_colorlink'  data-responsive-json-new='{\"font-size\":\"\",\"line-height\":\"\"}'  href=\"https:\/\/www.compack.it\/es\/privacy-policies\/informativa-al-trattamento-dei-dati-personali-dellutente\/\" title=\"Information on the Processing of Personal Data of the User\" target=\"_blank\" rel=\"noopener\"  class=\"ult_colorlink ult-responsive \" style=\"float:left;font-weight:normal;color:#333333; \"  data-textcolor=\"#333333\" data-texthover=\"#333333\"data-style=\"Style_1\">\n\t\t\t\t\t\t\n\t\t\t\t\t\t<span data-hover=\"Informaci\u00f3n sobre el tratamiento de los datos personales del usuario\" style=\"color:#333333;;;\" class=\"ult_btn10_span   \">Informaci\u00f3n sobre el tratamiento de los datos personales del usuario<\/span>\n\t\t\t\t\t\t\n\t\t\t\t\t<\/a>\n\t\t\t\t<\/span>\n\t\t\t<\/span><div class=\"ult-spacer spacer-6a0938d9511d1\" data-id=\"6a0938d9511d1\" data-height=\"40\" data-height-mobile=\"20\" data-height-tab=\"40\" data-height-tab-portrait=\"40\" data-height-mobile-landscape=\"20\" style=\"clear:both;display:block;\"><\/div><span id=\"creative-link-wrap-6119\" class=\"ult_main_cl ult-adjust-bottom-margin  \" >\n\t \t\t\t<span class=\"ult_cl_link_1  ult_crlink\" >\n\t\t\t\t\t<a  data-ultimate-target='#creative-link-wrap-6119 .ult_colorlink'  data-responsive-json-new='{\"font-size\":\"\",\"line-height\":\"\"}'  href=\"https:\/\/www.compack.it\/es\/privacy-policy-for-supplier\/\" title=\"Privacy Policy for Suppliers\" target=\"_blank\" rel=\"noopener\"  class=\"ult_colorlink ult-responsive \" style=\"float:left;font-weight:normal;color:#333333; \"  data-textcolor=\"#333333\" data-texthover=\"#333333\"data-style=\"Style_1\">\n\t\t\t\t\t\t\n\t\t\t\t\t\t<span data-hover=\"Informaci\u00f3n para proveedores\" style=\"color:#333333;;;\" class=\"ult_btn10_span   \">Informaci\u00f3n para proveedores<\/span>\n\t\t\t\t\t\t\n\t\t\t\t\t<\/a>\n\t\t\t\t<\/span>\n\t\t\t<\/span><div class=\"ult-spacer spacer-6a0938d95120f\" data-id=\"6a0938d95120f\" data-height=\"40\" data-height-mobile=\"20\" data-height-tab=\"40\" data-height-tab-portrait=\"40\" data-height-mobile-landscape=\"20\" style=\"clear:both;display:block;\"><\/div><span id=\"creative-link-wrap-8836\" class=\"ult_main_cl ult-adjust-bottom-margin  \" >\n\t \t\t\t<span class=\"ult_cl_link_1  ult_crlink\" >\n\t\t\t\t\t<a  data-ultimate-target='#creative-link-wrap-8836 .ult_colorlink'  data-responsive-json-new='{\"font-size\":\"\",\"line-height\":\"\"}'  href=\"https:\/\/www.compack.it\/es\/privacy-policy-for-customers-and-potential-customers\/\" title=\"Privacy Policy for Customers and Potential Customer\" target=\"_blank\" rel=\"noopener\"  class=\"ult_colorlink ult-responsive \" style=\"float:left;font-weight:normal;color:#333333; \"  data-textcolor=\"#333333\" data-texthover=\"#333333\"data-style=\"Style_1\">\n\t\t\t\t\t\t\n\t\t\t\t\t\t<span data-hover=\"Informaci\u00f3n para clientes y posibles clientes\" style=\"color:#333333;;;\" class=\"ult_btn10_span   \">Informaci\u00f3n para clientes y posibles clientes<\/span>\n\t\t\t\t\t\t\n\t\t\t\t\t<\/a>\n\t\t\t\t<\/span>\n\t\t\t<\/span><div class=\"ult-spacer spacer-6a0938d95123e\" data-id=\"6a0938d95123e\" data-height=\"40\" data-height-mobile=\"20\" data-height-tab=\"40\" data-height-tab-portrait=\"40\" data-height-mobile-landscape=\"20\" style=\"clear:both;display:block;\"><\/div><span id=\"creative-link-wrap-2368\" class=\"ult_main_cl ult-adjust-bottom-margin  \" >\n\t \t\t\t<span class=\"ult_cl_link_1  ult_crlink\" >\n\t\t\t\t\t<a  data-ultimate-target='#creative-link-wrap-2368 .ult_colorlink'  data-responsive-json-new='{\"font-size\":\"\",\"line-height\":\"\"}'  href=\"https:\/\/www.compack.it\/es\/cookie-policy-and-third-party-services\/\" title=\"Cookie Policy and Third Party Services\" target=\"_blank\" rel=\"noopener\"  class=\"ult_colorlink ult-responsive \" style=\"float:left;font-weight:normal;color:#333333; \"  data-textcolor=\"#333333\" data-texthover=\"#333333\"data-style=\"Style_1\">\n\t\t\t\t\t\t\n\t\t\t\t\t\t<span data-hover=\"Pol\u00edtica de cookies y servicios de terceros\" style=\"color:#333333;;;\" class=\"ult_btn10_span   \">Pol\u00edtica de cookies y servicios de terceros<\/span>\n\t\t\t\t\t\t\n\t\t\t\t\t<\/a>\n\t\t\t\t<\/span>\n\t\t\t<\/span><div class=\"ult-spacer spacer-6a0938d95126a\" data-id=\"6a0938d95126a\" data-height=\"40\" data-height-mobile=\"20\" data-height-tab=\"40\" data-height-tab-portrait=\"40\" data-height-mobile-landscape=\"20\" style=\"clear:both;display:block;\"><\/div><span id=\"creative-link-wrap-7195\" class=\"ult_main_cl ult-adjust-bottom-margin  \" >\n\t \t\t\t<span class=\"ult_cl_link_1  ult_crlink\" >\n\t\t\t\t\t<a  data-ultimate-target='#creative-link-wrap-7195 .ult_colorlink'  data-responsive-json-new='{\"font-size\":\"\",\"line-height\":\"\"}'  href=\"https:\/\/www.compack.it\/es\/privacy-policy-for-applicants\/\" title=\"Privacy Policy for Applicants\" target=\"_blank\" rel=\"noopener\"  class=\"ult_colorlink ult-responsive \" style=\"float:left;font-weight:normal;color:#333333; \"  data-textcolor=\"#333333\" data-texthover=\"#333333\"data-style=\"Style_1\">\n\t\t\t\t\t\t\n\t\t\t\t\t\t<span data-hover=\"Informaci\u00f3n para candidatos\" style=\"color:#333333;;;\" class=\"ult_btn10_span   \">Informaci\u00f3n para candidatos<\/span>\n\t\t\t\t\t\t\n\t\t\t\t\t<\/a>\n\t\t\t\t<\/span>\n\t\t\t<\/span>[\/vc_column][\/vc_row][vc_row][vc_column]<div class=\"ult-spacer spacer-6a0938d951294\" data-id=\"6a0938d951294\" data-height=\"30\" data-height-mobile=\"30\" data-height-tab=\"30\" data-height-tab-portrait=\"\" data-height-mobile-landscape=\"\" style=\"clear:both;display:block;\"><\/div>[\/vc_column][\/vc_row]<\/p>\n<\/div>","protected":false},"excerpt":{"rendered":"<p>[vc_row][vc_column][vc_column_text css=\u00bb\u00bb]La protecci\u00f3n de los datos personales de nuestros usuarios es importante para nosotros. Queremos garantizarte transparencia y seguridad en la gesti\u00f3n de la informaci\u00f3n que compartes. En esta secci\u00f3n, encontrar\u00e1s toda la informaci\u00f3n sobre c\u00f3mo recopilamos, utilizamos y protegemos tus datos.[\/vc_column_text][\/vc_column][\/vc_row][vc_row][vc_column][\/vc_column][\/vc_row][vc_row][vc_column][\/vc_column][\/vc_row]<\/p>\n","protected":false},"author":11725,"featured_media":0,"parent":0,"menu_order":0,"comment_status":"closed","ping_status":"closed","template":"","meta":{"_acf_changed":false,"footnotes":""},"class_list":["post-11016","page","type-page","status-publish","hentry","description-off"],"acf":[],"_links":{"self":[{"href":"https:\/\/www.compack.it\/es\/wp-json\/wp\/v2\/pages\/11016","targetHints":{"allow":["GET"]}}],"collection":[{"href":"https:\/\/www.compack.it\/es\/wp-json\/wp\/v2\/pages"}],"about":[{"href":"https:\/\/www.compack.it\/es\/wp-json\/wp\/v2\/types\/page"}],"author":[{"embeddable":true,"href":"https:\/\/www.compack.it\/es\/wp-json\/wp\/v2\/users\/11725"}],"replies":[{"embeddable":true,"href":"https:\/\/www.compack.it\/es\/wp-json\/wp\/v2\/comments?post=11016"}],"version-history":[{"count":3,"href":"https:\/\/www.compack.it\/es\/wp-json\/wp\/v2\/pages\/11016\/revisions"}],"predecessor-version":[{"id":11657,"href":"https:\/\/www.compack.it\/es\/wp-json\/wp\/v2\/pages\/11016\/revisions\/11657"}],"wp:attachment":[{"href":"https:\/\/www.compack.it\/es\/wp-json\/wp\/v2\/media?parent=11016"}],"curies":[{"name":"wp","href":"https:\/\/api.w.org\/{rel}","templated":true}]}}