	{"id":1098,"date":"2017-09-20T17:52:57","date_gmt":"2017-09-20T15:52:57","guid":{"rendered":"http:\/\/compack.it\/catalogo\/tunnel-line\/"},"modified":"2017-10-26T16:50:52","modified_gmt":"2017-10-26T14:50:52","slug":"tunnel-line","status":"publish","type":"page","link":"https:\/\/www.compack.it\/es\/catalogo\/tunnel-line\/","title":{"rendered":"TUNNEL line"},"content":{"rendered":"<div class=\"wpb-content-wrapper\"><p>[vc_row][vc_column width=\u00bb1\/3&#8243;]<div class=\"dt-fancy-separator title-left h1-size\" style=\"width: 100%;\"><div class=\"dt-fancy-title\" style=\"color: #5dafe1;\"><span class=\"separator-holder separator-left\"><\/span>TUNNEL line<span class=\"separator-holder separator-right\"><\/span><\/div><\/div>[\/vc_column][vc_column width=\u00bb2\/3&#8243;][vc_column_text]La l\u00ednea <strong>TUNNEL<\/strong> ha sido dise\u00f1ada para satisfacer las necesidades de cada cliente gracias a los diferentes accesorios que se pueden instalar; logra combinar\u00a0<strong>grandes cargas de trabajo y optimiza los espacios<\/strong>\u00a0a disposici\u00f3n, lo que simplifica el trabajo del operador y reduce los consumos. Los modelos de esta l\u00ednea est\u00e1n equipados con un\u00a0<strong>doble sistema de filtraci\u00f3n<\/strong>\u00a0que retiene todos los residuos, y cuentan con bombas de lavado verticales y brazos de lavado de acero inoxidable que garantizan\u00a0<strong>elevadas prestaciones<\/strong>. Tunnel tambi\u00e9n est\u00e1 equipada con\u00a0<strong>puertas compensadas con doble pared<\/strong>\u00a0y sistema antica\u00eddas y con\u00a0<strong>tanques moldeados y redondeados.<\/strong>[\/vc_column_text][\/vc_column][\/vc_row]<\/p>\n<\/div>","protected":false},"excerpt":{"rendered":"<p>[vc_row][vc_column width=\u00bb1\/3&#8243;][\/vc_column][vc_column width=\u00bb2\/3&#8243;][vc_column_text]La l\u00ednea TUNNEL ha sido dise\u00f1ada para satisfacer las necesidades de cada cliente gracias a los diferentes accesorios que se pueden instalar; logra combinar\u00a0grandes cargas de trabajo y optimiza los espacios\u00a0a disposici\u00f3n, lo que simplifica el trabajo del operador y reduce los consumos. Los modelos de esta l\u00ednea est\u00e1n equipados con un\u00a0doble sistema&hellip;<\/p>\n","protected":false},"author":1,"featured_media":0,"parent":969,"menu_order":0,"comment_status":"closed","ping_status":"closed","template":"tax-linea.php","meta":{"_acf_changed":false,"footnotes":""},"class_list":["post-1098","page","type-page","status-publish","hentry","description-off"],"acf":[],"_links":{"self":[{"href":"https:\/\/www.compack.it\/es\/wp-json\/wp\/v2\/pages\/1098","targetHints":{"allow":["GET"]}}],"collection":[{"href":"https:\/\/www.compack.it\/es\/wp-json\/wp\/v2\/pages"}],"about":[{"href":"https:\/\/www.compack.it\/es\/wp-json\/wp\/v2\/types\/page"}],"author":[{"embeddable":true,"href":"https:\/\/www.compack.it\/es\/wp-json\/wp\/v2\/users\/1"}],"replies":[{"embeddable":true,"href":"https:\/\/www.compack.it\/es\/wp-json\/wp\/v2\/comments?post=1098"}],"version-history":[{"count":1,"href":"https:\/\/www.compack.it\/es\/wp-json\/wp\/v2\/pages\/1098\/revisions"}],"predecessor-version":[{"id":1099,"href":"https:\/\/www.compack.it\/es\/wp-json\/wp\/v2\/pages\/1098\/revisions\/1099"}],"up":[{"embeddable":true,"href":"https:\/\/www.compack.it\/es\/wp-json\/wp\/v2\/pages\/969"}],"wp:attachment":[{"href":"https:\/\/www.compack.it\/es\/wp-json\/wp\/v2\/media?parent=1098"}],"curies":[{"name":"wp","href":"https:\/\/api.w.org\/{rel}","templated":true}]}}