	{"id":1074,"date":"2017-09-20T17:52:57","date_gmt":"2017-09-20T15:52:57","guid":{"rendered":"http:\/\/compack.it\/catalogo\/aris-line\/"},"modified":"2017-10-26T16:27:55","modified_gmt":"2017-10-26T14:27:55","slug":"aris-line","status":"publish","type":"page","link":"https:\/\/www.compack.it\/es\/catalogo\/aris-line\/","title":{"rendered":"ARIS line"},"content":{"rendered":"<div class=\"wpb-content-wrapper\"><p>[vc_row][vc_column width=\u00bb1\/3&#8243;]<div class=\"dt-fancy-separator title-left h1-size\" style=\"width: 100%;\"><div class=\"dt-fancy-title\" style=\"color: #bc9ac4;\"><span class=\"separator-holder separator-left\"><\/span>ARIS line<span class=\"separator-holder separator-right\"><\/span><\/div><\/div>[\/vc_column][vc_column width=\u00bb2\/3&#8243;][vc_column_text]Fiabilidad y facilidad de uso: estas son las palabras clave de la l\u00ednea <strong>ARIS<\/strong>.<br \/>\nEl panel de mandos con botones hace que cada funci\u00f3n sea m\u00e1s pr\u00e1ctica que nunca y demuestra una gran durabilidad a lo largo del tiempo.[\/vc_column_text][\/vc_column][\/vc_row]<\/p>\n<\/div>","protected":false},"excerpt":{"rendered":"<p>[vc_row][vc_column width=\u00bb1\/3&#8243;][\/vc_column][vc_column width=\u00bb2\/3&#8243;][vc_column_text]Fiabilidad y facilidad de uso: estas son las palabras clave de la l\u00ednea ARIS. El panel de mandos con botones hace que cada funci\u00f3n sea m\u00e1s pr\u00e1ctica que nunca y demuestra una gran durabilidad a lo largo del tiempo.[\/vc_column_text][\/vc_column][\/vc_row]<\/p>\n","protected":false},"author":1,"featured_media":0,"parent":969,"menu_order":0,"comment_status":"closed","ping_status":"closed","template":"tax-linea.php","meta":{"_acf_changed":false,"footnotes":""},"class_list":["post-1074","page","type-page","status-publish","hentry","description-off"],"acf":[],"_links":{"self":[{"href":"https:\/\/www.compack.it\/es\/wp-json\/wp\/v2\/pages\/1074","targetHints":{"allow":["GET"]}}],"collection":[{"href":"https:\/\/www.compack.it\/es\/wp-json\/wp\/v2\/pages"}],"about":[{"href":"https:\/\/www.compack.it\/es\/wp-json\/wp\/v2\/types\/page"}],"author":[{"embeddable":true,"href":"https:\/\/www.compack.it\/es\/wp-json\/wp\/v2\/users\/1"}],"replies":[{"embeddable":true,"href":"https:\/\/www.compack.it\/es\/wp-json\/wp\/v2\/comments?post=1074"}],"version-history":[{"count":2,"href":"https:\/\/www.compack.it\/es\/wp-json\/wp\/v2\/pages\/1074\/revisions"}],"predecessor-version":[{"id":1076,"href":"https:\/\/www.compack.it\/es\/wp-json\/wp\/v2\/pages\/1074\/revisions\/1076"}],"up":[{"embeddable":true,"href":"https:\/\/www.compack.it\/es\/wp-json\/wp\/v2\/pages\/969"}],"wp:attachment":[{"href":"https:\/\/www.compack.it\/es\/wp-json\/wp\/v2\/media?parent=1074"}],"curies":[{"name":"wp","href":"https:\/\/api.w.org\/{rel}","templated":true}]}}