	{"id":1050,"date":"2017-09-20T17:52:57","date_gmt":"2017-09-20T15:52:57","guid":{"rendered":"http:\/\/compack.it\/catalogo\/exus-line\/"},"modified":"2017-10-26T15:29:08","modified_gmt":"2017-10-26T13:29:08","slug":"exus-line","status":"publish","type":"page","link":"https:\/\/www.compack.it\/es\/catalogo\/exus-line\/","title":{"rendered":"EXUS line"},"content":{"rendered":"<div class=\"wpb-content-wrapper\"><p>[vc_row][vc_column width=\u00bb1\/3&#8243;]<div class=\"dt-fancy-separator title-left h1-size\" style=\"width: 100%;\"><div class=\"dt-fancy-title\" style=\"color: #82c1b9;\"><span class=\"separator-holder separator-left\"><\/span>EXUS line<span class=\"separator-holder separator-right\"><\/span><\/div><\/div>[\/vc_column][vc_column width=\u00bb2\/3&#8243;][vc_column_text]La l\u00ednea <strong>EXUS<\/strong> se distingue por su amplia gama de modelos adecuados para cada situaci\u00f3n. El sistema de control, a trav\u00e9s de la tarjeta electr\u00f3nica, ofrece grandes posibilidades de personalizaci\u00f3n en funci\u00f3n de sus necesidades, permite regular con precisi\u00f3n cualquier par\u00e1metro y asegura resultados de lavado \u00f3ptimos.[\/vc_column_text][\/vc_column][\/vc_row]<\/p>\n<\/div>","protected":false},"excerpt":{"rendered":"<p>[vc_row][vc_column width=\u00bb1\/3&#8243;][\/vc_column][vc_column width=\u00bb2\/3&#8243;][vc_column_text]La l\u00ednea EXUS se distingue por su amplia gama de modelos adecuados para cada situaci\u00f3n. El sistema de control, a trav\u00e9s de la tarjeta electr\u00f3nica, ofrece grandes posibilidades de personalizaci\u00f3n en funci\u00f3n de sus necesidades, permite regular con precisi\u00f3n cualquier par\u00e1metro y asegura resultados de lavado \u00f3ptimos.[\/vc_column_text][\/vc_column][\/vc_row]<\/p>\n","protected":false},"author":1,"featured_media":0,"parent":969,"menu_order":0,"comment_status":"closed","ping_status":"closed","template":"tax-linea.php","meta":{"_acf_changed":false,"footnotes":""},"class_list":["post-1050","page","type-page","status-publish","hentry","description-off"],"acf":[],"_links":{"self":[{"href":"https:\/\/www.compack.it\/es\/wp-json\/wp\/v2\/pages\/1050","targetHints":{"allow":["GET"]}}],"collection":[{"href":"https:\/\/www.compack.it\/es\/wp-json\/wp\/v2\/pages"}],"about":[{"href":"https:\/\/www.compack.it\/es\/wp-json\/wp\/v2\/types\/page"}],"author":[{"embeddable":true,"href":"https:\/\/www.compack.it\/es\/wp-json\/wp\/v2\/users\/1"}],"replies":[{"embeddable":true,"href":"https:\/\/www.compack.it\/es\/wp-json\/wp\/v2\/comments?post=1050"}],"version-history":[{"count":1,"href":"https:\/\/www.compack.it\/es\/wp-json\/wp\/v2\/pages\/1050\/revisions"}],"predecessor-version":[{"id":1051,"href":"https:\/\/www.compack.it\/es\/wp-json\/wp\/v2\/pages\/1050\/revisions\/1051"}],"up":[{"embeddable":true,"href":"https:\/\/www.compack.it\/es\/wp-json\/wp\/v2\/pages\/969"}],"wp:attachment":[{"href":"https:\/\/www.compack.it\/es\/wp-json\/wp\/v2\/media?parent=1050"}],"curies":[{"name":"wp","href":"https:\/\/api.w.org\/{rel}","templated":true}]}}