	{"id":1009,"date":"2017-09-20T17:52:57","date_gmt":"2017-09-20T15:52:57","guid":{"rendered":"http:\/\/compack.it\/catalogo\/smart-line\/"},"modified":"2017-10-25T17:46:03","modified_gmt":"2017-10-25T15:46:03","slug":"smart-line","status":"publish","type":"page","link":"https:\/\/www.compack.it\/es\/catalogo\/smart-line\/","title":{"rendered":"SMART line"},"content":{"rendered":"<div class=\"wpb-content-wrapper\"><p>[vc_row][vc_column width=\u00bb1\/3&#8243;]<div class=\"dt-fancy-separator title-left h1-size\" style=\"width: 100%;\"><div class=\"dt-fancy-title\" style=\"color: #d4e251;\"><span class=\"separator-holder separator-left\"><\/span>Smart Line<span class=\"separator-holder separator-right\"><\/span><\/div><\/div>[\/vc_column][vc_column width=\u00bb2\/3&#8243;][vc_column_text]Los lavavajillas de la l\u00ednea <strong>SMART<\/strong> garantizan las m\u00e1ximas prestaciones gracias al\u00a0<em><strong>Acquatech System<\/strong><\/em>\u00a0instalado de serie, que mantiene l<strong>a temperatura y la presi\u00f3n siempre constantes<\/strong>\u00a0y un \u00f3ptimo consumo de agua, gracias a un calentador atmosf\u00e9rico y una bomba de enjuague. Smart asegura un ciclo de\u00a0<strong>enjuague desinfectante<\/strong>, es la elecci\u00f3n perfecta para comedores, casas de reposo, pasteler\u00edas, panader\u00edas y carnicer\u00edas donde el respeto de las reglas HACCP es fundamental. Para quienes buscan la perfecci\u00f3n del vaso, se puede conectar un\u00a0<strong>Sistema de \u00d3smosis Inversa<\/strong>\u00a0que purifica el agua y reduce el consumo de detergente y abrillantador, lo que garantiza\u00a0<strong>excelentes resultados y vasos perfectos sin necesidad del secado manual.<\/strong>[\/vc_column_text][\/vc_column][\/vc_row]<\/p>\n<\/div>","protected":false},"excerpt":{"rendered":"<p>[vc_row][vc_column width=\u00bb1\/3&#8243;][\/vc_column][vc_column width=\u00bb2\/3&#8243;][vc_column_text]Los lavavajillas de la l\u00ednea SMART garantizan las m\u00e1ximas prestaciones gracias al\u00a0Acquatech System\u00a0instalado de serie, que mantiene la temperatura y la presi\u00f3n siempre constantes\u00a0y un \u00f3ptimo consumo de agua, gracias a un calentador atmosf\u00e9rico y una bomba de enjuague. Smart asegura un ciclo de\u00a0enjuague desinfectante, es la elecci\u00f3n perfecta para comedores, casas de&hellip;<\/p>\n","protected":false},"author":1,"featured_media":0,"parent":969,"menu_order":0,"comment_status":"closed","ping_status":"closed","template":"tax-linea.php","meta":{"_acf_changed":false,"footnotes":""},"class_list":["post-1009","page","type-page","status-publish","hentry","description-off"],"acf":[],"_links":{"self":[{"href":"https:\/\/www.compack.it\/es\/wp-json\/wp\/v2\/pages\/1009","targetHints":{"allow":["GET"]}}],"collection":[{"href":"https:\/\/www.compack.it\/es\/wp-json\/wp\/v2\/pages"}],"about":[{"href":"https:\/\/www.compack.it\/es\/wp-json\/wp\/v2\/types\/page"}],"author":[{"embeddable":true,"href":"https:\/\/www.compack.it\/es\/wp-json\/wp\/v2\/users\/1"}],"replies":[{"embeddable":true,"href":"https:\/\/www.compack.it\/es\/wp-json\/wp\/v2\/comments?post=1009"}],"version-history":[{"count":1,"href":"https:\/\/www.compack.it\/es\/wp-json\/wp\/v2\/pages\/1009\/revisions"}],"predecessor-version":[{"id":1010,"href":"https:\/\/www.compack.it\/es\/wp-json\/wp\/v2\/pages\/1009\/revisions\/1010"}],"up":[{"embeddable":true,"href":"https:\/\/www.compack.it\/es\/wp-json\/wp\/v2\/pages\/969"}],"wp:attachment":[{"href":"https:\/\/www.compack.it\/es\/wp-json\/wp\/v2\/media?parent=1009"}],"curies":[{"name":"wp","href":"https:\/\/api.w.org\/{rel}","templated":true}]}}