	{"id":999,"date":"2017-09-20T17:52:57","date_gmt":"2017-09-20T15:52:57","guid":{"rendered":"http:\/\/compack.it\/katalog\/smart-line\/"},"modified":"2017-10-25T17:22:43","modified_gmt":"2017-10-25T15:22:43","slug":"smart-line","status":"publish","type":"page","link":"https:\/\/www.compack.it\/de\/katalog\/smart-line\/","title":{"rendered":"SMART line"},"content":{"rendered":"<div class=\"wpb-content-wrapper\"><p>[vc_row][vc_column width=&#8220;1\/3&#8243;]<div class=\"dt-fancy-separator title-left h1-size\" style=\"width: 100%;\"><div class=\"dt-fancy-title\" style=\"color: #d4e251;\"><span class=\"separator-holder separator-left\"><\/span>Smart Line<span class=\"separator-holder separator-right\"><\/span><\/div><\/div>[\/vc_column][vc_column width=&#8220;2\/3&#8243;][vc_column_text]Die Geschirrsp\u00fcler der Serie <strong>SMART<\/strong> gew\u00e4hrleisten dank dem serienm\u00e4\u00dfig eingebauten\u00a0<em><strong>Acquatech System\u00a0 ein H\u00f6chstma\u00df an Leistung<\/strong><\/em>.\u00a0<strong>Mithilfe eines atmosph\u00e4rischen Boilers und einer Sp\u00fclpumpe sorgt das System f\u00fcr<\/strong>\u00a0immer gleichm\u00e4\u00dfige Temperaturen und Druck, bei einem optimalen Wasserverbrauch. Smart bietet einen\u00a0<strong>desinfizierenden Klarsp\u00fclgang<\/strong>, so dass es die perfekte L\u00f6sung f\u00fcr Kantinen, Seniorenheime, Konditoreien, B\u00e4ckereien und Schlachtereien ist, wo die Einhaltung der Hygienevorschriften (HACCP-Konzept) grundlegend ist. F\u00fcr alle, die perfekte Gl\u00e4ser w\u00fcnschen, besteht die M\u00f6glichkeit, ein\u00a0<strong>System mit Umkehrosmose<\/strong>\u00a0anzuschlie\u00dfen. Es reinigt das Wasser und reduziert den Verbrauch an Reinigungsmittel und Klarsp\u00fclmittel, mit ausgezeichneten Ergebnissen und perfekten Gl\u00e4sern, die nicht mehr per Hand abgetrocknet werden m\u00fcssen.[\/vc_column_text][\/vc_column][\/vc_row]<\/p>\n<\/div>","protected":false},"excerpt":{"rendered":"<p>[vc_row][vc_column width=&#8220;1\/3&#8243;][\/vc_column][vc_column width=&#8220;2\/3&#8243;][vc_column_text]Die Geschirrsp\u00fcler der Serie SMART gew\u00e4hrleisten dank dem serienm\u00e4\u00dfig eingebauten\u00a0Acquatech System\u00a0 ein H\u00f6chstma\u00df an Leistung.\u00a0Mithilfe eines atmosph\u00e4rischen Boilers und einer Sp\u00fclpumpe sorgt das System f\u00fcr\u00a0immer gleichm\u00e4\u00dfige Temperaturen und Druck, bei einem optimalen Wasserverbrauch. Smart bietet einen\u00a0desinfizierenden Klarsp\u00fclgang, so dass es die perfekte L\u00f6sung f\u00fcr Kantinen, Seniorenheime, Konditoreien, B\u00e4ckereien und Schlachtereien ist, wo die&hellip;<\/p>\n","protected":false},"author":1,"featured_media":0,"parent":959,"menu_order":0,"comment_status":"closed","ping_status":"closed","template":"tax-linea.php","meta":{"_acf_changed":false,"footnotes":""},"class_list":["post-999","page","type-page","status-publish","hentry","description-off"],"acf":[],"_links":{"self":[{"href":"https:\/\/www.compack.it\/de\/wp-json\/wp\/v2\/pages\/999","targetHints":{"allow":["GET"]}}],"collection":[{"href":"https:\/\/www.compack.it\/de\/wp-json\/wp\/v2\/pages"}],"about":[{"href":"https:\/\/www.compack.it\/de\/wp-json\/wp\/v2\/types\/page"}],"author":[{"embeddable":true,"href":"https:\/\/www.compack.it\/de\/wp-json\/wp\/v2\/users\/1"}],"replies":[{"embeddable":true,"href":"https:\/\/www.compack.it\/de\/wp-json\/wp\/v2\/comments?post=999"}],"version-history":[{"count":1,"href":"https:\/\/www.compack.it\/de\/wp-json\/wp\/v2\/pages\/999\/revisions"}],"predecessor-version":[{"id":1000,"href":"https:\/\/www.compack.it\/de\/wp-json\/wp\/v2\/pages\/999\/revisions\/1000"}],"up":[{"embeddable":true,"href":"https:\/\/www.compack.it\/de\/wp-json\/wp\/v2\/pages\/959"}],"wp:attachment":[{"href":"https:\/\/www.compack.it\/de\/wp-json\/wp\/v2\/media?parent=999"}],"curies":[{"name":"wp","href":"https:\/\/api.w.org\/{rel}","templated":true}]}}