	{"id":463,"date":"2017-09-27T11:34:57","date_gmt":"2017-09-27T09:34:57","guid":{"rendered":"http:\/\/demowp001.stamyna.com\/compack\/ecogreen\/"},"modified":"2017-09-27T11:54:51","modified_gmt":"2017-09-27T09:54:51","slug":"ecogreen","status":"publish","type":"page","link":"https:\/\/www.compack.it\/de\/ecogreen\/","title":{"rendered":"Ecogreen"},"content":{"rendered":"<div class=\"wpb-content-wrapper\"><p>[vc_row][vc_column]<div class=\"dt-fancy-separator title-left h2-size style-disabled\" style=\"width: 100%;\"><div class=\"dt-fancy-title\" style=\"color: #004e9c;\"><span class=\"separator-holder separator-left\"><\/span>Ecogreen<span class=\"separator-holder separator-right\"><\/span><\/div><\/div><div class=\"ult-spacer spacer-6a091976cbcd1\" data-id=\"6a091976cbcd1\" data-height=\"40\" data-height-mobile=\"20\" data-height-tab=\"40\" data-height-tab-portrait=\"40\" data-height-mobile-landscape=\"20\" style=\"clear:both;display:block;\"><\/div>[\/vc_column][\/vc_row][vc_row][vc_column][vc_column_text]<\/p>\n<h3><span class=\"grande\">Gr\u00fcne Vision<\/span><\/h3>\n<p>Optimierung des Energieverbrauchs, Reduzierung von Chemikalien, Wahl der Komponenten und Montage der Maschinen in vollem Respekt vor der Umwelt. Das Ziel ist immer eine Verbesserung der Qualit\u00e4tsstandards seiner Produkte. Compack wollte sofort sein Engagement f\u00fcr den Schutz des Territoriums greifbar machen, ein gr\u00fcnes Gef\u00fchl, das seit dem Beginn seiner T\u00e4tigkeit zum Ausdruck gekommen ist.[\/vc_column_text][\/vc_column][\/vc_row]<\/p>\n<\/div>","protected":false},"excerpt":{"rendered":"<p>[vc_row][vc_column][\/vc_column][\/vc_row][vc_row][vc_column][vc_column_text] Gr\u00fcne Vision Optimierung des Energieverbrauchs, Reduzierung von Chemikalien, Wahl der Komponenten und Montage der Maschinen in vollem Respekt vor der Umwelt. Das Ziel ist immer eine Verbesserung der Qualit\u00e4tsstandards seiner Produkte. Compack wollte sofort sein Engagement f\u00fcr den Schutz des Territoriums greifbar machen, ein gr\u00fcnes Gef\u00fchl, das seit dem Beginn seiner T\u00e4tigkeit zum Ausdruck&hellip;<\/p>\n","protected":false},"author":1,"featured_media":0,"parent":0,"menu_order":0,"comment_status":"closed","ping_status":"closed","template":"","meta":{"_acf_changed":false,"footnotes":""},"class_list":["post-463","page","type-page","status-publish","hentry","description-off"],"acf":[],"_links":{"self":[{"href":"https:\/\/www.compack.it\/de\/wp-json\/wp\/v2\/pages\/463","targetHints":{"allow":["GET"]}}],"collection":[{"href":"https:\/\/www.compack.it\/de\/wp-json\/wp\/v2\/pages"}],"about":[{"href":"https:\/\/www.compack.it\/de\/wp-json\/wp\/v2\/types\/page"}],"author":[{"embeddable":true,"href":"https:\/\/www.compack.it\/de\/wp-json\/wp\/v2\/users\/1"}],"replies":[{"embeddable":true,"href":"https:\/\/www.compack.it\/de\/wp-json\/wp\/v2\/comments?post=463"}],"version-history":[{"count":2,"href":"https:\/\/www.compack.it\/de\/wp-json\/wp\/v2\/pages\/463\/revisions"}],"predecessor-version":[{"id":480,"href":"https:\/\/www.compack.it\/de\/wp-json\/wp\/v2\/pages\/463\/revisions\/480"}],"wp:attachment":[{"href":"https:\/\/www.compack.it\/de\/wp-json\/wp\/v2\/media?parent=463"}],"curies":[{"name":"wp","href":"https:\/\/api.w.org\/{rel}","templated":true}]}}