	{"id":432,"date":"2017-09-27T10:52:08","date_gmt":"2017-09-27T08:52:08","guid":{"rendered":"http:\/\/demowp001.stamyna.com\/compack\/corporate\/"},"modified":"2024-07-24T11:49:24","modified_gmt":"2024-07-24T09:49:24","slug":"corporate","status":"publish","type":"page","link":"https:\/\/www.compack.it\/de\/corporate\/","title":{"rendered":"Corporate"},"content":{"rendered":"<div class=\"wpb-content-wrapper\"><p>[vc_row][vc_column]<div class=\"dt-fancy-separator title-left h2-size style-disabled\" style=\"width: 100%;\"><div class=\"dt-fancy-title\" style=\"color: #004e9c;\"><span class=\"separator-holder separator-left\"><\/span>Corporate<span class=\"separator-holder separator-right\"><\/span><\/div><\/div><div class=\"ult-spacer spacer-6a091ae473e81\" data-id=\"6a091ae473e81\" data-height=\"40\" data-height-mobile=\"20\" data-height-tab=\"40\" data-height-tab-portrait=\"40\" data-height-mobile-landscape=\"20\" style=\"clear:both;display:block;\"><\/div>[\/vc_column][\/vc_row][vc_row][vc_column][vc_column_text]<\/p>\n<h3><span class=\"grande\">Identit\u00e4t<\/span><\/h3>\n<p>Stil, Innovation, Avantgarde. Compack konnte die charakteristichen Merkmale des Made in Italy mit den Bed\u00fcrfnissen der Protagonisten der Gemeinschaftsverpflegung und der Welt des Food&amp;Drink zusammenstellen beim Herstellen von hoher Qualit\u00e4t gewerblichen Geschirrsp\u00fclmaschinen, die nicht nur in technologischer Hinsicht sondern auch in dem Preis-Leistungsverh\u00e4ltnis unschlagbar sind. [\/vc_column_text][\/vc_column][\/vc_row][vc_row][vc_column width=&#8220;1\/2&#8243;][vc_column_text]Eine junge, empf\u00e4ngliche und vollst\u00e4ndig italienische Marke, die die Reize aus dem internationalen Markt verstehen konnte, indem sie die wichtigsten Informationen sammelte und den technischen Anforderungen und dem Zuverl\u00e4ssigkeitsbed\u00fcrfnis mit ihren Produkten erf\u00fcllte, ohne ihr Ziel aufzugeben: 100% italienische Produkte bieten, vom Entwurf und Wahl der Rohstoffe bis zur Herstellung im gro\u00dfen Ma\u00dfstab.<\/p>\n<p>Ein Team von Fachleuten, die in die Zukunft blickt und die \u00dcberwindung der Herausforderung erzielt, voller Erwartungen und Chancen: Daher gro\u00df ist die Aufmerksamkeit und die Nutzung von Ressourcen und Energien in den Abteilungen Design und Forschung&amp;Entwicklung, eine Strategie, die in kurzer Zeit zum aktuellen Erfolg auf dem Markt f\u00fchrt.<\/p>\n<p>Eine zunehmende Anzahl von Unternehmen hat beschlossen, sich auf Compack f\u00fcr ihre Sp\u00fclsysteme zu vertrauen: W\u00e4hlen Sie die besten L\u00f6sungen f\u00fcr Ihr Business! W\u00e4hlen Sie Compack als Verb\u00fcndeter f\u00fcr Ihren Erfolg![\/vc_column_text][\/vc_column][vc_column width=&#8220;1\/2&#8243;][vc_single_image image=&#8220;10636&#8243; img_size=&#8220;full&#8220; alignment=&#8220;center&#8220; css=&#8220;&#8220;][\/vc_column][\/vc_row]<\/p>\n<\/div>","protected":false},"excerpt":{"rendered":"<p>[vc_row][vc_column][\/vc_column][\/vc_row][vc_row][vc_column][vc_column_text] Identit\u00e4t Stil, Innovation, Avantgarde. Compack konnte die charakteristichen Merkmale des Made in Italy mit den Bed\u00fcrfnissen der Protagonisten der Gemeinschaftsverpflegung und der Welt des Food&amp;Drink zusammenstellen beim Herstellen von hoher Qualit\u00e4t gewerblichen Geschirrsp\u00fclmaschinen, die nicht nur in technologischer Hinsicht sondern auch in dem Preis-Leistungsverh\u00e4ltnis unschlagbar sind. [\/vc_column_text][\/vc_column][\/vc_row][vc_row][vc_column width=&#8220;1\/2&#8243;][vc_column_text]Eine junge, empf\u00e4ngliche und vollst\u00e4ndig italienische Marke,&hellip;<\/p>\n","protected":false},"author":1,"featured_media":0,"parent":0,"menu_order":0,"comment_status":"closed","ping_status":"closed","template":"","meta":{"_acf_changed":false,"footnotes":""},"class_list":["post-432","page","type-page","status-publish","hentry","description-off"],"acf":[],"_links":{"self":[{"href":"https:\/\/www.compack.it\/de\/wp-json\/wp\/v2\/pages\/432","targetHints":{"allow":["GET"]}}],"collection":[{"href":"https:\/\/www.compack.it\/de\/wp-json\/wp\/v2\/pages"}],"about":[{"href":"https:\/\/www.compack.it\/de\/wp-json\/wp\/v2\/types\/page"}],"author":[{"embeddable":true,"href":"https:\/\/www.compack.it\/de\/wp-json\/wp\/v2\/users\/1"}],"replies":[{"embeddable":true,"href":"https:\/\/www.compack.it\/de\/wp-json\/wp\/v2\/comments?post=432"}],"version-history":[{"count":4,"href":"https:\/\/www.compack.it\/de\/wp-json\/wp\/v2\/pages\/432\/revisions"}],"predecessor-version":[{"id":10651,"href":"https:\/\/www.compack.it\/de\/wp-json\/wp\/v2\/pages\/432\/revisions\/10651"}],"wp:attachment":[{"href":"https:\/\/www.compack.it\/de\/wp-json\/wp\/v2\/media?parent=432"}],"curies":[{"name":"wp","href":"https:\/\/api.w.org\/{rel}","templated":true}]}}