	{"id":389,"date":"2017-09-26T11:12:41","date_gmt":"2017-09-26T09:12:41","guid":{"rendered":"http:\/\/demowp001.stamyna.com\/compack\/?page_id=389\/"},"modified":"2017-09-26T11:12:41","modified_gmt":"2017-09-26T09:12:41","slug":"user","status":"publish","type":"page","link":"https:\/\/www.compack.it\/de\/user\/","title":{"rendered":"User"},"content":{"rendered":"<div class=\"wpb-content-wrapper\"><p>[vc_row][vc_column][vc_column_text]Wenn Sie als registrierter Benutzer auf die Webseite von COMPACK gehen, haben Sie die M\u00f6glichkeit:<\/p>\n<p>&#8211; Die Preise der Produkte und der Komponenten anzeigenDie<br \/>\n&#8211; Montageanleitung, die Zertifizierung und die technischen Datenbl\u00e4tter Im Druckformat herunterladen.<br \/>\n&#8211; Aktualisierungen bez\u00fcglich der Produkte erhalten<\/p>\n<p>COMPACK garantiert strengste Vertraulichkeit und die Einhaltung der Datenschutzrichtlinien (Gesetz Nr. 196\/03), die personenbezogenen Daten werden ausschlie\u00dflich dazu verwendet, um uns die Dienstleistungen zu erm\u00f6glichen, sie werden nicht an Dritte weitergegeben. F\u00fcr weitere Informationen zum Gesetz zum Schutz der pers\u00f6nlichen Daten bitte auf der Seite PRIVACY nachlesen.[\/vc_column_text][\/vc_column][\/vc_row][vc_row][vc_column width=&#8220;2\/3&#8243;][vc_column_text]<\/p>\n<p style=\"text-align: left;\"><div id=\"wpmem_login\"><a id=\"login\"><\/a><form action=\"https:\/\/www.compack.it\/de\/user\/\" method=\"POST\" id=\"wpmem_login_form\" class=\"form\"><input type=\"hidden\" id=\"_wpmem_login_nonce\" name=\"_wpmem_login_nonce\" value=\"b4f2d0f5d2\" \/><input type=\"hidden\" name=\"_wp_http_referer\" value=\"\/de\/wp-json\/wp\/v2\/pages\/389\" \/><fieldset><legend>Anmelden<\/legend><label for=\"log\">Email (Use your mission email address if applicable)<\/label><div class=\"div_text\"><input name=\"log\" type=\"text\" id=\"log\" value=\"\" class=\"username\" required  \/><\/div><label for=\"pwd\">Passwort<\/label><div class=\"div_text\"><input name=\"pwd\" type=\"password\" id=\"pwd\" class=\"password\" required  \/><\/div><input name=\"a\" type=\"hidden\" value=\"login\" \/><input name=\"redirect_to\" type=\"hidden\" value=\"https:\/\/www.compack.it\/de\/user\/\" \/><div class=\"button_div\"><input name=\"rememberme\" type=\"checkbox\" id=\"rememberme\" value=\"forever\" \/>&nbsp;<label for=\"rememberme\">Angemeldet bleiben<\/label>&nbsp;&nbsp;<input type=\"submit\" name=\"Submit\" value=\"Anmelden\" class=\"buttons\" \/><\/div><div class=\"link-text\"><span class=\"link-text-forgot\">Passwort vergessen&#063;&nbsp;<a href=\"https:\/\/www.compack.it\/de\/user\/?a=pwdreset\">Klicke hier, um es zur\u00fcckzusetzen.<\/a><\/span><\/div><div class=\"link-text\"><span class=\"link-text-register\">Neuer Benutzer&#063;&nbsp;<a href=\"https:\/\/www.compack.it\/de\/user\/\">Klicke hier, um dich zu registrieren.<\/a><\/span><\/div><\/fieldset><\/form><\/div><div id=\"wpmem_reg\"><a id=\"register\"><\/a><form name=\"form\" method=\"post\" action=\"https:\/\/www.compack.it\/de\/user\/\" id=\"wpmem_register_form\" class=\"form\"><input type=\"hidden\" id=\"_wpmem_register_nonce\" name=\"_wpmem_register_nonce\" value=\"9c7e8e3f8a\" \/><input type=\"hidden\" name=\"_wp_http_referer\" value=\"\/de\/wp-json\/wp\/v2\/pages\/389\" \/><fieldset><legend>Registrieren<\/legend><label for=\"user_email\" class=\"text\">E-Mail<span class=\"req\">*<\/span><\/label><div class=\"div_text\"><input name=\"user_email\" type=\"email\" id=\"user_email\" value=\"\" class=\"textbox\" required  \/><\/div><label for=\"confirm_email\" class=\"text\">Email-Adresse wiederholen<span class=\"req\">*<\/span><\/label><div class=\"div_text\"><input name=\"confirm_email\" type=\"email\" id=\"confirm_email\" value=\"\" class=\"textbox\" required  \/><\/div><label for=\"password\" class=\"text\">Passwort<span class=\"req\">*<\/span><\/label><div class=\"div_text\"><input name=\"password\" type=\"password\" id=\"password\" class=\"textbox\" required  \/><\/div><label for=\"confirm_password\" class=\"text\">Passwort wiederholen<span class=\"req\">*<\/span><\/label><div class=\"div_text\"><input name=\"confirm_password\" type=\"password\" id=\"confirm_password\" class=\"textbox\" required  \/><\/div><label for=\"first_name\" class=\"text\">Vorname<span class=\"req\">*<\/span><\/label><div class=\"div_text\"><input name=\"first_name\" type=\"text\" id=\"first_name\" value=\"\" class=\"textbox\" required  \/><\/div><label for=\"last_name\" class=\"text\">Nachname<span class=\"req\">*<\/span><\/label><div class=\"div_text\"><input name=\"last_name\" type=\"text\" id=\"last_name\" value=\"\" class=\"textbox\" required  \/><\/div><label for=\"azienda\" class=\"text\">Firmenname<span class=\"req\">*<\/span><\/label><div class=\"div_text\"><input name=\"azienda\" type=\"text\" id=\"azienda\" value=\"\" class=\"textbox\" required  \/><\/div><label for=\"partita_iva\" class=\"text\">MwStNr.<\/label><div class=\"div_text\"><input name=\"partita_iva\" type=\"text\" id=\"partita_iva\" value=\"\" class=\"textbox\" \/><\/div><label for=\"indirizzo\" class=\"text\">Anschrift<span class=\"req\">*<\/span><\/label><div class=\"div_text\"><input name=\"indirizzo\" type=\"text\" id=\"indirizzo\" value=\"\" class=\"textbox\" required  \/><\/div><label for=\"cap\" class=\"text\">PLZ<\/label><div class=\"div_text\"><input name=\"cap\" type=\"text\" id=\"cap\" value=\"\" class=\"textbox\" \/><\/div><label for=\"citta\" class=\"text\">Stadt<span class=\"req\">*<\/span><\/label><div class=\"div_text\"><input name=\"citta\" type=\"text\" id=\"citta\" value=\"\" class=\"textbox\" required  \/><\/div><label for=\"provincia\" class=\"text\">Land<span class=\"req\">*<\/span><\/label><div class=\"div_text\"><input name=\"provincia\" type=\"text\" id=\"provincia\" value=\"\" class=\"textbox\" required  \/><\/div><label for=\"nazione\" class=\"text\">Land<span class=\"req\">*<\/span><\/label><div class=\"div_text\"><input name=\"nazione\" type=\"text\" id=\"nazione\" value=\"\" class=\"textbox\" required  \/><\/div><label for=\"telefono\" class=\"text\">Telefon<span class=\"req\">*<\/span><\/label><div class=\"div_text\"><input name=\"telefono\" type=\"text\" id=\"telefono\" value=\"\" class=\"textbox\" required  \/><\/div><label for=\"cellulare\" class=\"text\">Mobiltelefon<\/label><div class=\"div_text\"><input name=\"cellulare\" type=\"text\" id=\"cellulare\" value=\"\" class=\"textbox\" \/><\/div><label for=\"fax\" class=\"text\">Fax<\/label><div class=\"div_text\"><input name=\"fax\" type=\"text\" id=\"fax\" value=\"\" class=\"textbox\" \/><\/div><label for=\"user_url\" class=\"text\">Internetseite<\/label><div class=\"div_text\"><input name=\"user_url\" type=\"url\" id=\"user_url\" value=\"\" class=\"textbox\" \/><\/div><label for=\"consenso_marketing\" class=\"checkbox\">Presto il consenso al trattamento dei miei dati personali per l\u2019invio di newsletter e materiale informativo e\/o pubblicitario anche tramite modalit\u00e0 automatizzate<\/label><div class=\"div_checkbox\"><input name=\"consenso_marketing\" type=\"checkbox\" id=\"consenso_marketing\" value=\"si\" \/><\/div><label for=\"consenso_profilazione\" class=\"checkbox\">Desidero ricevere comunicazioni di marketing personalizzate<\/label><div class=\"div_checkbox\"><input name=\"consenso_profilazione\" type=\"checkbox\" id=\"consenso_profilazione\" value=\"si\" \/><\/div><label for=\"privacy_policy\" class=\"checkbox\">I accept privacy policies about my personal data<span class=\"req\">*<\/span><\/label><div class=\"div_checkbox\"><input name=\"privacy_policy\" type=\"checkbox\" id=\"privacy_policy\" value=\"si\" required  \/><\/div><label class=\"text\" for=\"captcha\">Code eingeben:<\/label><div class=\"div_text\"><img loading=\"lazy\" decoding=\"async\" src=\"https:\/\/www.compack.it\/wp-content\/plugins\/really-simple-captcha\/tmp\/350207653.png\" alt=\"captcha\" width=\"72\" height=\"30\" \/><input id=\"captcha_prefix\" name=\"captcha_prefix\" type=\"hidden\" value=\"350207653\" \/><input id=\"captcha_code\" name=\"captcha_code\" size=\"5\" type=\"text\" class=\"textbox\" required \/><\/div><input name=\"a\" type=\"hidden\" value=\"register\" \/><input name=\"wpmem_reg_page\" type=\"hidden\" value=\"https:\/\/www.compack.it\/de\/user\/\" \/><div class=\"button_div\"><input name=\"submit\" type=\"submit\" value=\"Registrieren\" class=\"buttons\" \/><\/div><div class=\"req-text\"><span class=\"req\">*<\/span>Pflichtfeld<\/div><\/fieldset><\/form><\/div>\n<p style=\"text-align: left;\"><\/p>\n<p>[\/vc_column_text][vc_empty_space height=&#8220;40px&#8220;][\/vc_column][vc_column width=&#8220;1\/3&#8243;][\/vc_column][\/vc_row][vc_row][vc_column][vc_empty_space height=&#8220;40px&#8220;][\/vc_column][\/vc_row]<\/p>\n<\/div>","protected":false},"excerpt":{"rendered":"<p>[vc_row][vc_column][vc_column_text]Wenn Sie als registrierter Benutzer auf die Webseite von COMPACK gehen, haben Sie die M\u00f6glichkeit: &#8211; Die Preise der Produkte und der Komponenten anzeigenDie &#8211; Montageanleitung, die Zertifizierung und die technischen Datenbl\u00e4tter Im Druckformat herunterladen. &#8211; Aktualisierungen bez\u00fcglich der Produkte erhalten COMPACK garantiert strengste Vertraulichkeit und die Einhaltung der Datenschutzrichtlinien (Gesetz Nr. 196\/03), die personenbezogenen&hellip;<\/p>\n","protected":false},"author":1,"featured_media":0,"parent":0,"menu_order":0,"comment_status":"closed","ping_status":"closed","template":"","meta":{"_acf_changed":false,"footnotes":""},"class_list":["post-389","page","type-page","status-publish","hentry","description-off"],"acf":[],"_links":{"self":[{"href":"https:\/\/www.compack.it\/de\/wp-json\/wp\/v2\/pages\/389","targetHints":{"allow":["GET"]}}],"collection":[{"href":"https:\/\/www.compack.it\/de\/wp-json\/wp\/v2\/pages"}],"about":[{"href":"https:\/\/www.compack.it\/de\/wp-json\/wp\/v2\/types\/page"}],"author":[{"embeddable":true,"href":"https:\/\/www.compack.it\/de\/wp-json\/wp\/v2\/users\/1"}],"replies":[{"embeddable":true,"href":"https:\/\/www.compack.it\/de\/wp-json\/wp\/v2\/comments?post=389"}],"version-history":[{"count":1,"href":"https:\/\/www.compack.it\/de\/wp-json\/wp\/v2\/pages\/389\/revisions"}],"predecessor-version":[{"id":390,"href":"https:\/\/www.compack.it\/de\/wp-json\/wp\/v2\/pages\/389\/revisions\/390"}],"wp:attachment":[{"href":"https:\/\/www.compack.it\/de\/wp-json\/wp\/v2\/media?parent=389"}],"curies":[{"name":"wp","href":"https:\/\/api.w.org\/{rel}","templated":true}]}}