	{"id":1087,"date":"2017-09-20T17:52:57","date_gmt":"2017-09-20T15:52:57","guid":{"rendered":"http:\/\/compack.it\/katalog\/tunnel-line\/"},"modified":"2017-10-26T16:41:36","modified_gmt":"2017-10-26T14:41:36","slug":"tunnel-line","status":"publish","type":"page","link":"https:\/\/www.compack.it\/de\/katalog\/tunnel-line\/","title":{"rendered":"TUNNEL line"},"content":{"rendered":"<div class=\"wpb-content-wrapper\"><p>[vc_row][vc_column width=&#8220;1\/3&#8243;]<div class=\"dt-fancy-separator title-left h1-size\" style=\"width: 100%;\"><div class=\"dt-fancy-title\" style=\"color: #5dafe1;\"><span class=\"separator-holder separator-left\"><\/span>TUNNEL line<span class=\"separator-holder separator-right\"><\/span><\/div><\/div>[\/vc_column][vc_column width=&#8220;2\/3&#8243;][vc_column_text]Die Linie <strong>TUNNEL<\/strong> ist entwickelt worden, um mit ihrem einbaubaren Zubeh\u00f6r wirklich allen Bed\u00fcrfnissen gen\u00fcgen zu k\u00f6nnen: Sie vereint\u00a0<strong>gro\u00dfe Arbeitsmengen und Optimierung des verf\u00fcgbaren Platzes<\/strong>, vereinfacht die Arbeit des Bedieners und reduziert den Verbrauch. Die Modelle dieser Linie sind mit einem\u00a0<strong>doppelten Filtersystem <\/strong>ausger\u00fcstet, das alle R\u00fcckst\u00e4nde herausfiltert, w\u00e4hrend die vertikalen Sp\u00fclpumpen und die Sp\u00fclarme aus Edelstahl f\u00fcr\u00a0<strong>hohe Leistungen<\/strong>\u00a0sorgen. Die Modelle Tunnel sind au\u00dferdem mit\u00a0<strong>gewichtsausgeglichenen, doppelwandigen T\u00fcren,<\/strong>\u00a0einem Fallschutzsystem und\u00a0<strong>formgepressten, abgerundeten Tanks<\/strong>\u00a0ausger\u00fcstet.[\/vc_column_text][\/vc_column][\/vc_row]<\/p>\n<\/div>","protected":false},"excerpt":{"rendered":"<p>[vc_row][vc_column width=&#8220;1\/3&#8243;][\/vc_column][vc_column width=&#8220;2\/3&#8243;][vc_column_text]Die Linie TUNNEL ist entwickelt worden, um mit ihrem einbaubaren Zubeh\u00f6r wirklich allen Bed\u00fcrfnissen gen\u00fcgen zu k\u00f6nnen: Sie vereint\u00a0gro\u00dfe Arbeitsmengen und Optimierung des verf\u00fcgbaren Platzes, vereinfacht die Arbeit des Bedieners und reduziert den Verbrauch. Die Modelle dieser Linie sind mit einem\u00a0doppelten Filtersystem ausger\u00fcstet, das alle R\u00fcckst\u00e4nde herausfiltert, w\u00e4hrend die vertikalen Sp\u00fclpumpen und die&hellip;<\/p>\n","protected":false},"author":1,"featured_media":0,"parent":959,"menu_order":0,"comment_status":"closed","ping_status":"closed","template":"tax-linea.php","meta":{"_acf_changed":false,"footnotes":""},"class_list":["post-1087","page","type-page","status-publish","hentry","description-off"],"acf":[],"_links":{"self":[{"href":"https:\/\/www.compack.it\/de\/wp-json\/wp\/v2\/pages\/1087","targetHints":{"allow":["GET"]}}],"collection":[{"href":"https:\/\/www.compack.it\/de\/wp-json\/wp\/v2\/pages"}],"about":[{"href":"https:\/\/www.compack.it\/de\/wp-json\/wp\/v2\/types\/page"}],"author":[{"embeddable":true,"href":"https:\/\/www.compack.it\/de\/wp-json\/wp\/v2\/users\/1"}],"replies":[{"embeddable":true,"href":"https:\/\/www.compack.it\/de\/wp-json\/wp\/v2\/comments?post=1087"}],"version-history":[{"count":2,"href":"https:\/\/www.compack.it\/de\/wp-json\/wp\/v2\/pages\/1087\/revisions"}],"predecessor-version":[{"id":1089,"href":"https:\/\/www.compack.it\/de\/wp-json\/wp\/v2\/pages\/1087\/revisions\/1089"}],"up":[{"embeddable":true,"href":"https:\/\/www.compack.it\/de\/wp-json\/wp\/v2\/pages\/959"}],"wp:attachment":[{"href":"https:\/\/www.compack.it\/de\/wp-json\/wp\/v2\/media?parent=1087"}],"curies":[{"name":"wp","href":"https:\/\/api.w.org\/{rel}","templated":true}]}}