	{"id":1061,"date":"2017-09-20T17:52:57","date_gmt":"2017-09-20T15:52:57","guid":{"rendered":"http:\/\/compack.it\/katalog\/aris-line\/"},"modified":"2017-10-26T16:20:58","modified_gmt":"2017-10-26T14:20:58","slug":"aris-line","status":"publish","type":"page","link":"https:\/\/www.compack.it\/de\/katalog\/aris-line\/","title":{"rendered":"ARIS line"},"content":{"rendered":"<div class=\"wpb-content-wrapper\"><p>[vc_row][vc_column width=&#8220;1\/3&#8243;]<div class=\"dt-fancy-separator title-left h1-size\" style=\"width: 100%;\"><div class=\"dt-fancy-title\" style=\"color: #bc9ac4;\"><span class=\"separator-holder separator-left\"><\/span>ARIS line<span class=\"separator-holder separator-right\"><\/span><\/div><\/div>[\/vc_column][vc_column width=&#8220;2\/3&#8243;][vc_column_text]Zuverl\u00e4ssigkeit und einfacher Betrieb: Das sind die Schl\u00fcsselbegriffe f\u00fcr die Linie\u00a0<strong>ARIS<\/strong>.<br \/>\nDie mit Tasten ausgestattete Bedientafel macht die Bedienung \u00e4u\u00dferst praktisch, bei einer hohen Lebensdauer.[\/vc_column_text][\/vc_column][\/vc_row]<\/p>\n<\/div>","protected":false},"excerpt":{"rendered":"<p>[vc_row][vc_column width=&#8220;1\/3&#8243;][\/vc_column][vc_column width=&#8220;2\/3&#8243;][vc_column_text]Zuverl\u00e4ssigkeit und einfacher Betrieb: Das sind die Schl\u00fcsselbegriffe f\u00fcr die Linie\u00a0ARIS. Die mit Tasten ausgestattete Bedientafel macht die Bedienung \u00e4u\u00dferst praktisch, bei einer hohen Lebensdauer.[\/vc_column_text][\/vc_column][\/vc_row]<\/p>\n","protected":false},"author":1,"featured_media":0,"parent":959,"menu_order":0,"comment_status":"closed","ping_status":"closed","template":"tax-linea.php","meta":{"_acf_changed":false,"footnotes":""},"class_list":["post-1061","page","type-page","status-publish","hentry","description-off"],"acf":[],"_links":{"self":[{"href":"https:\/\/www.compack.it\/de\/wp-json\/wp\/v2\/pages\/1061","targetHints":{"allow":["GET"]}}],"collection":[{"href":"https:\/\/www.compack.it\/de\/wp-json\/wp\/v2\/pages"}],"about":[{"href":"https:\/\/www.compack.it\/de\/wp-json\/wp\/v2\/types\/page"}],"author":[{"embeddable":true,"href":"https:\/\/www.compack.it\/de\/wp-json\/wp\/v2\/users\/1"}],"replies":[{"embeddable":true,"href":"https:\/\/www.compack.it\/de\/wp-json\/wp\/v2\/comments?post=1061"}],"version-history":[{"count":2,"href":"https:\/\/www.compack.it\/de\/wp-json\/wp\/v2\/pages\/1061\/revisions"}],"predecessor-version":[{"id":1066,"href":"https:\/\/www.compack.it\/de\/wp-json\/wp\/v2\/pages\/1061\/revisions\/1066"}],"up":[{"embeddable":true,"href":"https:\/\/www.compack.it\/de\/wp-json\/wp\/v2\/pages\/959"}],"wp:attachment":[{"href":"https:\/\/www.compack.it\/de\/wp-json\/wp\/v2\/media?parent=1061"}],"curies":[{"name":"wp","href":"https:\/\/api.w.org\/{rel}","templated":true}]}}