	{"id":1041,"date":"2017-09-20T17:52:57","date_gmt":"2017-09-20T15:52:57","guid":{"rendered":"http:\/\/compack.it\/katalog\/exus-line\/"},"modified":"2017-10-26T15:23:23","modified_gmt":"2017-10-26T13:23:23","slug":"exus-line","status":"publish","type":"page","link":"https:\/\/www.compack.it\/de\/katalog\/exus-line\/","title":{"rendered":"EXUS line"},"content":{"rendered":"<div class=\"wpb-content-wrapper\"><p>[vc_row][vc_column width=&#8220;1\/3&#8243;]<div class=\"dt-fancy-separator title-left h1-size\" style=\"width: 100%;\"><div class=\"dt-fancy-title\" style=\"color: #82c1b9;\"><span class=\"separator-holder separator-left\"><\/span>EXUS line<span class=\"separator-holder separator-right\"><\/span><\/div><\/div>[\/vc_column][vc_column width=&#8220;2\/3&#8243;][vc_column_text]Die Linie <strong>EXUS<\/strong> zeichnet sich durch ihre breite Auswahl an Modellen aus, die f\u00fcr alle Situationen geeignet sind. Das mit einer Platine ausger\u00fcstete Steuersystem bietet entsprechend Ihren Bed\u00fcrfnissen zahlreiche M\u00f6glichkeiten einer Individualisierung, da jeder Einstellwert genau geregelt werden kann und immer optimale Sp\u00fclergebnisse gew\u00e4hrleistet sind.[\/vc_column_text][\/vc_column][\/vc_row]<\/p>\n<\/div>","protected":false},"excerpt":{"rendered":"<p>[vc_row][vc_column width=&#8220;1\/3&#8243;][\/vc_column][vc_column width=&#8220;2\/3&#8243;][vc_column_text]Die Linie EXUS zeichnet sich durch ihre breite Auswahl an Modellen aus, die f\u00fcr alle Situationen geeignet sind. Das mit einer Platine ausger\u00fcstete Steuersystem bietet entsprechend Ihren Bed\u00fcrfnissen zahlreiche M\u00f6glichkeiten einer Individualisierung, da jeder Einstellwert genau geregelt werden kann und immer optimale Sp\u00fclergebnisse gew\u00e4hrleistet sind.[\/vc_column_text][\/vc_column][\/vc_row]<\/p>\n","protected":false},"author":1,"featured_media":0,"parent":959,"menu_order":0,"comment_status":"closed","ping_status":"closed","template":"tax-linea.php","meta":{"_acf_changed":false,"footnotes":""},"class_list":["post-1041","page","type-page","status-publish","hentry","description-off"],"acf":[],"_links":{"self":[{"href":"https:\/\/www.compack.it\/de\/wp-json\/wp\/v2\/pages\/1041","targetHints":{"allow":["GET"]}}],"collection":[{"href":"https:\/\/www.compack.it\/de\/wp-json\/wp\/v2\/pages"}],"about":[{"href":"https:\/\/www.compack.it\/de\/wp-json\/wp\/v2\/types\/page"}],"author":[{"embeddable":true,"href":"https:\/\/www.compack.it\/de\/wp-json\/wp\/v2\/users\/1"}],"replies":[{"embeddable":true,"href":"https:\/\/www.compack.it\/de\/wp-json\/wp\/v2\/comments?post=1041"}],"version-history":[{"count":1,"href":"https:\/\/www.compack.it\/de\/wp-json\/wp\/v2\/pages\/1041\/revisions"}],"predecessor-version":[{"id":1042,"href":"https:\/\/www.compack.it\/de\/wp-json\/wp\/v2\/pages\/1041\/revisions\/1042"}],"up":[{"embeddable":true,"href":"https:\/\/www.compack.it\/de\/wp-json\/wp\/v2\/pages\/959"}],"wp:attachment":[{"href":"https:\/\/www.compack.it\/de\/wp-json\/wp\/v2\/media?parent=1041"}],"curies":[{"name":"wp","href":"https:\/\/api.w.org\/{rel}","templated":true}]}}