	{"id":1021,"date":"2017-09-20T17:52:57","date_gmt":"2017-09-20T15:52:57","guid":{"rendered":"http:\/\/compack.it\/katalog\/plus-line\/"},"modified":"2017-10-26T14:32:59","modified_gmt":"2017-10-26T12:32:59","slug":"plus-line","status":"publish","type":"page","link":"https:\/\/www.compack.it\/de\/katalog\/plus-line\/","title":{"rendered":"PLUS line"},"content":{"rendered":"<div class=\"wpb-content-wrapper\"><p>[vc_row][vc_column width=&#8220;1\/3&#8243;]<div class=\"dt-fancy-separator title-left h1-size\" style=\"width: 100%;\"><div class=\"dt-fancy-title\" style=\"color: #f47957;\"><span class=\"separator-holder separator-left\"><\/span>PLUS line<span class=\"separator-holder separator-right\"><\/span><\/div><\/div>[\/vc_column][vc_column width=&#8220;2\/3&#8243;][vc_column_text]Die Modelle der Linie <strong>PLUS <\/strong>sind mit einem\u00a0<strong>automatischen Enth\u00e4rte<\/strong>r ausgestattet, wodurch Kalkablagerungen wirksam vorgebeugt wird. Der Enth\u00e4rter arbeitet vollkommen\u00a0<strong>unabh\u00e4ngig<\/strong>\u00a0und regelt seine Regenerierungsintervalle automatisch entsprechend der H\u00e4rte des einlaufenden Wassers; Ihre Aufgabe besteht nur darin, jedes Mal dann Salz im Beh\u00e4lter nachzuf\u00fcllen, wenn die Meldung \u201eSalzmangel\u201c auf dem Display erscheint. Die Regenerierung der Harze erfolgt w\u00e4hrend der Sp\u00fclzyklen, daher ist kein Stillstand der Maschine erforderlich.[\/vc_column_text][\/vc_column][\/vc_row]<\/p>\n<\/div>","protected":false},"excerpt":{"rendered":"<p>[vc_row][vc_column width=&#8220;1\/3&#8243;][\/vc_column][vc_column width=&#8220;2\/3&#8243;][vc_column_text]Die Modelle der Linie PLUS sind mit einem\u00a0automatischen Enth\u00e4rter ausgestattet, wodurch Kalkablagerungen wirksam vorgebeugt wird. Der Enth\u00e4rter arbeitet vollkommen\u00a0unabh\u00e4ngig\u00a0und regelt seine Regenerierungsintervalle automatisch entsprechend der H\u00e4rte des einlaufenden Wassers; Ihre Aufgabe besteht nur darin, jedes Mal dann Salz im Beh\u00e4lter nachzuf\u00fcllen, wenn die Meldung \u201eSalzmangel\u201c auf dem Display erscheint. Die Regenerierung der Harze&hellip;<\/p>\n","protected":false},"author":1,"featured_media":0,"parent":959,"menu_order":0,"comment_status":"closed","ping_status":"closed","template":"tax-linea.php","meta":{"_acf_changed":false,"footnotes":""},"class_list":["post-1021","page","type-page","status-publish","hentry","description-off"],"acf":[],"_links":{"self":[{"href":"https:\/\/www.compack.it\/de\/wp-json\/wp\/v2\/pages\/1021","targetHints":{"allow":["GET"]}}],"collection":[{"href":"https:\/\/www.compack.it\/de\/wp-json\/wp\/v2\/pages"}],"about":[{"href":"https:\/\/www.compack.it\/de\/wp-json\/wp\/v2\/types\/page"}],"author":[{"embeddable":true,"href":"https:\/\/www.compack.it\/de\/wp-json\/wp\/v2\/users\/1"}],"replies":[{"embeddable":true,"href":"https:\/\/www.compack.it\/de\/wp-json\/wp\/v2\/comments?post=1021"}],"version-history":[{"count":1,"href":"https:\/\/www.compack.it\/de\/wp-json\/wp\/v2\/pages\/1021\/revisions"}],"predecessor-version":[{"id":1022,"href":"https:\/\/www.compack.it\/de\/wp-json\/wp\/v2\/pages\/1021\/revisions\/1022"}],"up":[{"embeddable":true,"href":"https:\/\/www.compack.it\/de\/wp-json\/wp\/v2\/pages\/959"}],"wp:attachment":[{"href":"https:\/\/www.compack.it\/de\/wp-json\/wp\/v2\/media?parent=1021"}],"curies":[{"name":"wp","href":"https:\/\/api.w.org\/{rel}","templated":true}]}}